{"id":7195,"date":"2025-02-14T07:32:13","date_gmt":"2025-02-14T10:32:13","guid":{"rendered":"https:\/\/eurolatinstudies.com\/?page_id=7195"},"modified":"2026-01-09T17:07:00","modified_gmt":"2026-01-09T20:07:00","slug":"training-courses","status":"publish","type":"page","link":"https:\/\/eurolatinstudies.com\/pt\/training-courses\/","title":{"rendered":"Cursos de treinamento"},"content":{"rendered":"<div data-elementor-type=\"wp-page\" data-elementor-id=\"7195\" class=\"elementor elementor-7195\" data-elementor-post-type=\"page\">\n\t\t\t\t<div class=\"elementor-element elementor-element-2f71eeb e-flex e-con-boxed e-con e-parent\" data-id=\"2f71eeb\" data-element_type=\"container\" data-e-type=\"container\" data-settings=\"{&quot;background_background&quot;:&quot;classic&quot;}\">\n\t\t\t\t\t<div class=\"e-con-inner\">\n\t\t\t\t<div class=\"elementor-element elementor-element-f46e10d elementor-widget elementor-widget-heading\" data-id=\"f46e10d\" data-element_type=\"widget\" data-e-type=\"widget\" data-widget_type=\"heading.default\">\n\t\t\t\t<div class=\"elementor-widget-container\">\n\t\t\t\t\t<h2 class=\"elementor-heading-title elementor-size-default\">Cursos de treinamento<\/h2>\t\t\t\t<\/div>\n\t\t\t\t<\/div>\n\t\t\t\t<div class=\"elementor-element elementor-element-78d6062 elementor-widget elementor-widget-text-editor\" data-id=\"78d6062\" data-element_type=\"widget\" data-e-type=\"widget\" data-widget_type=\"text-editor.default\">\n\t\t\t\t<div class=\"elementor-widget-container\">\n\t\t\t\t\t\t\t\t\t<p>Confira todos os cursos gratuitos dispon\u00edveis clicando abaixo<\/p>\t\t\t\t\t\t\t\t<\/div>\n\t\t\t\t<\/div>\n\t\t\t\t\t<\/div>\n\t\t\t\t<\/div>\n\t\t<div class=\"elementor-element elementor-element-fd07a5a e-flex e-con-boxed e-con e-parent\" data-id=\"fd07a5a\" data-element_type=\"container\" data-e-type=\"container\">\n\t\t\t\t\t<div class=\"e-con-inner\">\n\t\t\t\t<div class=\"elementor-element elementor-element-9f221fd elementor-widget elementor-widget-text-editor\" data-id=\"9f221fd\" data-element_type=\"widget\" data-e-type=\"widget\" data-widget_type=\"text-editor.default\">\n\t\t\t\t<div class=\"elementor-widget-container\">\n\t\t\t\t\t\t\t\t\t<p><span style=\"font-weight: 400;\">The training courses initiative, launched under the auspices of the Jean Monnet Network Bridge Project (2020\u20132023), has played a pivotal role in advancing the professional development of employees and stakeholders from prominent Latin American institutions. These include Brazil&#8217;s <\/span><i><span style=\"font-weight: 400;\">Defensoria P\u00fablica da Uni\u00e3o<\/span><\/i><span style=\"font-weight: 400;\">, Mexico&#8217;s <\/span><i><span style=\"font-weight: 400;\">Comisi\u00f3n Nacional de los Derechos Humanos<\/span><\/i><span style=\"font-weight: 400;\">, and a consortium of Colombian military and educational institutions, such as the <\/span><i><span style=\"font-weight: 400;\">Escuela Militar de Cadetes General Jos\u00e9 Mar\u00eda C\u00f3rdova<\/span><\/i><span style=\"font-weight: 400;\">, <\/span><i><span style=\"font-weight: 400;\">Universidad Militar Nueva Granada<\/span><\/i><span style=\"font-weight: 400;\">, and the <\/span><i><span style=\"font-weight: 400;\">Armada Nacional de Colombia<\/span><\/i><span style=\"font-weight: 400;\">.<\/span><\/p><p><span style=\"font-weight: 400;\">Building on this solid foundation, the Jean Monnet Network Policy Debate Bridge Watch Project periodically introduces new editions of a specially tailored course, <\/span><i><span style=\"font-weight: 400;\">Globalizing European Union Values and Democracy<\/span><\/i><span style=\"font-weight: 400;\">.<\/span><\/p><p><span style=\"font-weight: 400;\">A iniciativa de cursos de capacita\u00e7\u00e3o, lan\u00e7ada sob os ausp\u00edcios do Projeto Jean Monnet Network Bridge (2020\u20132023), desempenhou um papel fundamental no avan\u00e7o do desenvolvimento profissional de funcion\u00e1rios e partes interessadas de importantes institui\u00e7\u00f5es da Am\u00e9rica Latina. Entre elas est\u00e3o a Defensoria P\u00fablica da Uni\u00e3o do Brasil, a Comisi\u00f3n Nacional de los Derechos Humanos do M\u00e9xico e um cons\u00f3rcio de institui\u00e7\u00f5es militares e educacionais da Col\u00f4mbia, como a Escuela Militar de Cadetes General Jos\u00e9 Mar\u00eda C\u00f3rdova, a Universidad Militar Nueva Granada e a Armada Nacional da Col\u00f4mbia.\nCom base nessa s\u00f3lida experi\u00eancia, o Projeto Jean Monnet Network Policy Debate Bridge Watch lan\u00e7a periodicamente novas edi\u00e7\u00f5es de um curso especialmente desenvolvido: Globalizing European Union Values and Democracy.\nEsses cursos s\u00e3o destinados a juristas, diplomatas, acad\u00eamicos, partes interessadas e servidores p\u00fablicos. Inicialmente ministradas de forma presencial, as aulas s\u00e3o posteriormente gravadas e disponibilizadas gratuitamente neste site. Essa abordagem inovadora visa fomentar o ensino e a dissemina\u00e7\u00e3o do direito latino-americano e europeu, com \u00eanfase especial no papel indispens\u00e1vel do Estado de Direito para o fortalecimento da governan\u00e7a democr\u00e1tica.<\/span><\/p>\t\t\t\t\t\t\t\t<\/div>\n\t\t\t\t<\/div>\n\t\t\t\t\t<\/div>\n\t\t\t\t<\/div>\n\t\t<div class=\"elementor-element elementor-element-554e548 e-flex e-con-boxed e-con e-parent\" data-id=\"554e548\" data-element_type=\"container\" data-e-type=\"container\">\n\t\t\t\t\t<div class=\"e-con-inner\">\n\t\t<div class=\"elementor-element elementor-element-bc1256b e-flex e-con-boxed e-con e-child\" data-id=\"bc1256b\" data-element_type=\"container\" data-e-type=\"container\">\n\t\t\t\t\t<div class=\"e-con-inner\">\n\t\t\t\t<div class=\"elementor-element elementor-element-5023e05 elementor-widget elementor-widget-heading\" data-id=\"5023e05\" data-element_type=\"widget\" data-e-type=\"widget\" data-widget_type=\"heading.default\">\n\t\t\t\t<div class=\"elementor-widget-container\">\n\t\t\t\t\t<h2 class=\"elementor-heading-title elementor-size-default\">Globalizando os Valores e a Democracia da Uni\u00e3o Europeia<\/h2>\t\t\t\t<\/div>\n\t\t\t\t<\/div>\n\t\t\t\t<div class=\"elementor-element elementor-element-4a4bc1f elementor-widget elementor-widget-text-editor\" data-id=\"4a4bc1f\" data-element_type=\"widget\" data-e-type=\"widget\" data-widget_type=\"text-editor.default\">\n\t\t\t\t<div class=\"elementor-widget-container\">\n\t\t\t\t\t\t\t\t\t<p><span style=\"font-weight: 400;\">Este curso de capacita\u00e7\u00e3o, parte da iniciativa Bridge Watch, explora os valores da Uni\u00e3o Europeia e sua relev\u00e2ncia para os esfor\u00e7os de consolida\u00e7\u00e3o da democracia na Am\u00e9rica Latina. Destinado a juristas, diplomatas, acad\u00eamicos e servidores p\u00fablicos, o curso promove a troca de conhecimentos entre as regi\u00f5es, abordando temas cruciais como o Estado de Direito, a transforma\u00e7\u00e3o digital e o desenvolvimento sustent\u00e1vel. O curso est\u00e1 dividido em tr\u00eas m\u00f3dulos tem\u00e1ticos:\u00a0\u00a0<\/span><\/p><ol><li><span style=\"font-weight: 400;\"> Constru\u00e7\u00e3o da Democracia na Am\u00e9rica Latina<\/span><\/li><li><span style=\"font-weight: 400;\"> Transforma\u00e7\u00e3o Digital e Solu\u00e7\u00f5es Inovadoras\u00a0<\/span><\/li><li><span style=\"font-weight: 400;\"> Transi\u00e7\u00f5es Verdes e Sociedades Sustent\u00e1veis<\/span><\/li><\/ol><p><span style=\"font-weight: 400;\">As aulas s\u00e3o ministradas presencialmente, gravadas e disponibilizadas gratuitamente online. As grava\u00e7\u00f5es est\u00e3o em andamento e ser\u00e3o publicadas ao longo da dura\u00e7\u00e3o do projeto.\nEssa iniciativa destaca a import\u00e2ncia dos valores compartilhados no fortalecimento da governan\u00e7a democr\u00e1tica e na promo\u00e7\u00e3o da colabora\u00e7\u00e3o internacional.\u00a0\u00a0<\/span><\/p><p>Os dois primeiros m\u00f3dulos do curso j\u00e1 est\u00e3o dispon\u00edveis e podem ser acessados gratuitamente aqui.<\/p>\t\t\t\t\t\t\t\t<\/div>\n\t\t\t\t<\/div>\n\t\t\t\t\t<\/div>\n\t\t\t\t<\/div>\n\t\t<div class=\"elementor-element elementor-element-ea82ba5 e-con-full e-flex e-con e-child\" data-id=\"ea82ba5\" data-element_type=\"container\" data-e-type=\"container\">\n\t\t\t\t<div class=\"elementor-element elementor-element-75db5bc elementor-widget elementor-widget-video\" data-id=\"75db5bc\" data-element_type=\"widget\" data-e-type=\"widget\" data-settings=\"{&quot;youtube_url&quot;:&quot;https:\\\/\\\/youtu.be\\\/7yyea_KTe6A&quot;,&quot;video_type&quot;:&quot;youtube&quot;,&quot;controls&quot;:&quot;yes&quot;}\" data-widget_type=\"video.default\">\n\t\t\t\t<div class=\"elementor-widget-container\">\n\t\t\t\t\t\t\t<div class=\"elementor-wrapper elementor-open-inline\">\n\t\t\t<div class=\"elementor-video\"><\/div>\t\t<\/div>\n\t\t\t\t\t\t<\/div>\n\t\t\t\t<\/div>\n\t\t\t\t<div class=\"elementor-element elementor-element-6b5d08f elementor-widget elementor-widget-button\" data-id=\"6b5d08f\" data-element_type=\"widget\" data-e-type=\"widget\" data-widget_type=\"button.default\">\n\t\t\t\t<div class=\"elementor-widget-container\">\n\t\t\t\t\t\t\t\t\t<div class=\"elementor-button-wrapper\">\n\t\t\t\t\t<a class=\"elementor-button elementor-button-link elementor-size-sm\" href=\"https:\/\/eurolatinstudies.com\/pt\/globalizing-eu-values-and-democracy\/\">\n\t\t\t\t\t\t<span class=\"elementor-button-content-wrapper\">\n\t\t\t\t\t\t\t\t\t<span class=\"elementor-button-text\">Mais informa\u00e7\u00f5es<\/span>\n\t\t\t\t\t<\/span>\n\t\t\t\t\t<\/a>\n\t\t\t\t<\/div>\n\t\t\t\t\t\t\t\t<\/div>\n\t\t\t\t<\/div>\n\t\t\t\t<\/div>\n\t\t\t\t\t<\/div>\n\t\t\t\t<\/div>\n\t\t<div class=\"elementor-element elementor-element-de06137 e-flex e-con-boxed e-con e-parent\" data-id=\"de06137\" data-element_type=\"container\" data-e-type=\"container\">\n\t\t\t\t\t<div class=\"e-con-inner\">\n\t\t<div class=\"elementor-element elementor-element-39310db e-flex e-con-boxed e-con e-child\" data-id=\"39310db\" data-element_type=\"container\" data-e-type=\"container\">\n\t\t\t\t\t<div class=\"e-con-inner\">\n\t\t\t\t<div class=\"elementor-element elementor-element-e84c9a1 elementor-widget elementor-widget-heading\" data-id=\"e84c9a1\" data-element_type=\"widget\" data-e-type=\"widget\" data-widget_type=\"heading.default\">\n\t\t\t\t<div class=\"elementor-widget-container\">\n\t\t\t\t\t<h2 class=\"elementor-heading-title elementor-size-default\">O Processo de Integra\u00e7\u00e3o Regional da Uni\u00e3o Europeia e Seu Impacto na Presta\u00e7\u00e3o de Assist\u00eancia Jur\u00eddica na Am\u00e9rica Latina<\/h2>\t\t\t\t<\/div>\n\t\t\t\t<\/div>\n\t\t\t\t<div class=\"elementor-element elementor-element-fe28a85 elementor-widget elementor-widget-text-editor\" data-id=\"fe28a85\" data-element_type=\"widget\" data-e-type=\"widget\" data-widget_type=\"text-editor.default\">\n\t\t\t\t<div class=\"elementor-widget-container\">\n\t\t\t\t\t\t\t\t\t<p><span style=\"font-weight: 400;\">O curso de capacita\u00e7\u00e3o \u201cO Processo de Integra\u00e7\u00e3o Regional da Uni\u00e3o Europeia e Seu Impacto na Presta\u00e7\u00e3o de Assist\u00eancia Jur\u00eddica na Am\u00e9rica Latina\u201d foi oferecido pelo projeto Jean Monnet Network \u2013 BRIDGE (2020-2023), cofinanciado pelo programa Erasmus+ da Uni\u00e3o Europeia e pelo Latin American Center of European Studies (LACES).<\/span><\/p><p><span style=\"font-weight: 400;\">Este curso, dispon\u00edvel gratuitamente e online, tem como objetivo proporcionar a agentes p\u00fablicos, operadores do direito e profissionais de rela\u00e7\u00f5es internacionais uma compreens\u00e3o mais ampla sobre como o processo de integra\u00e7\u00e3o regional da Uni\u00e3o Europeia se relaciona com a Am\u00e9rica Latina. O curso considera quest\u00f5es jur\u00eddicas complexas, com foco especial em seu impacto na assist\u00eancia jur\u00eddica prestada por pa\u00edses latino-americanos.<\/span><\/p><p><span style=\"font-weight: 400;\">O curso foi ministrado por professores latino-americanos e europeus, parceiros do projeto BRIDGE, em portugu\u00eas e espanhol, sempre com tradu\u00e7\u00e3o nas legendas dos v\u00eddeos.\nO curso \u00e9 composto por sete aulas, gravadas em outubro de 2021, e est\u00e1 dispon\u00edvel para acesso a qualquer momento.<\/span><\/p>\t\t\t\t\t\t\t\t<\/div>\n\t\t\t\t<\/div>\n\t\t\t\t\t<\/div>\n\t\t\t\t<\/div>\n\t\t<div class=\"elementor-element elementor-element-bcd09fa e-flex e-con-boxed e-con e-child\" data-id=\"bcd09fa\" data-element_type=\"container\" data-e-type=\"container\">\n\t\t\t\t\t<div class=\"e-con-inner\">\n\t\t\t\t<div class=\"elementor-element elementor-element-6a2db28 elementor-widget elementor-widget-video\" data-id=\"6a2db28\" data-element_type=\"widget\" data-e-type=\"widget\" data-settings=\"{&quot;youtube_url&quot;:&quot;https:\\\/\\\/youtu.be\\\/LuCpouUnQcI&quot;,&quot;video_type&quot;:&quot;youtube&quot;,&quot;controls&quot;:&quot;yes&quot;}\" data-widget_type=\"video.default\">\n\t\t\t\t<div class=\"elementor-widget-container\">\n\t\t\t\t\t\t\t<div class=\"elementor-wrapper elementor-open-inline\">\n\t\t\t<div class=\"elementor-video\"><\/div>\t\t<\/div>\n\t\t\t\t\t\t<\/div>\n\t\t\t\t<\/div>\n\t\t\t\t<div class=\"elementor-element elementor-element-91ac1f0 elementor-widget elementor-widget-button\" data-id=\"91ac1f0\" data-element_type=\"widget\" data-e-type=\"widget\" data-widget_type=\"button.default\">\n\t\t\t\t<div class=\"elementor-widget-container\">\n\t\t\t\t\t\t\t\t\t<div class=\"elementor-button-wrapper\">\n\t\t\t\t\t<a class=\"elementor-button elementor-button-link elementor-size-sm\" href=\"https:\/\/eurolatinstudies.com\/pt\/online-training-course\/\">\n\t\t\t\t\t\t<span class=\"elementor-button-content-wrapper\">\n\t\t\t\t\t\t\t\t\t<span class=\"elementor-button-text\">Mais informa\u00e7\u00f5es<\/span>\n\t\t\t\t\t<\/span>\n\t\t\t\t\t<\/a>\n\t\t\t\t<\/div>\n\t\t\t\t\t\t\t\t<\/div>\n\t\t\t\t<\/div>\n\t\t\t\t\t<\/div>\n\t\t\t\t<\/div>\n\t\t\t\t\t<\/div>\n\t\t\t\t<\/div>\n\t\t<div class=\"elementor-element elementor-element-a06518a e-flex e-con-boxed e-con e-parent\" data-id=\"a06518a\" data-element_type=\"container\" data-e-type=\"container\">\n\t\t\t\t\t<div class=\"e-con-inner\">\n\t\t<div class=\"elementor-element elementor-element-0859f99 e-flex e-con-boxed e-con e-child\" data-id=\"0859f99\" data-element_type=\"container\" data-e-type=\"container\">\n\t\t\t\t\t<div class=\"e-con-inner\">\n\t\t\t\t<div class=\"elementor-element elementor-element-2e9ab94 elementor-widget elementor-widget-heading\" data-id=\"2e9ab94\" data-element_type=\"widget\" data-e-type=\"widget\" data-widget_type=\"heading.default\">\n\t\t\t\t<div class=\"elementor-widget-container\">\n\t\t\t\t\t<h2 class=\"elementor-heading-title elementor-size-default\">Democracy and the Rule of Law in the European Union and Latin\nAmerica<\/h2>\t\t\t\t<\/div>\n\t\t\t\t<\/div>\n\t\t\t\t<div class=\"elementor-element elementor-element-ef8c59d elementor-widget elementor-widget-heading\" data-id=\"ef8c59d\" data-element_type=\"widget\" data-e-type=\"widget\" data-no-translation=\"\" data-widget_type=\"heading.default\">\n\t\t\t\t<div class=\"elementor-widget-container\">\n\t\t\t\t\t<style>.elementor-element-ef8c59d{display:none !important}<\/style>\t\t\t\t<\/div>\n\t\t\t\t<\/div>\n\t\t\t\t<div class=\"elementor-element elementor-element-85892e8 elementor-widget elementor-widget-heading\" data-id=\"85892e8\" data-element_type=\"widget\" data-e-type=\"widget\" data-no-translation=\"\" data-widget_type=\"heading.default\">\n\t\t\t\t<div class=\"elementor-widget-container\">\n\t\t\t\t\t<h2 class=\"elementor-heading-title elementor-size-default\">Democracia e Estado de Direito na Uni\u00e3o Europeia e na Am\u00e9rica Latina<\/h2>\t\t\t\t<\/div>\n\t\t\t\t<\/div>\n\t\t\t\t<div class=\"elementor-element elementor-element-e78dad1 elementor-widget elementor-widget-text-editor\" data-id=\"e78dad1\" data-element_type=\"widget\" data-e-type=\"widget\" data-no-translation=\"\" data-widget_type=\"text-editor.default\">\n\t\t\t\t<div class=\"elementor-widget-container\">\n\t\t\t\t\t<style>.elementor-element-e78dad1{display:none !important}<\/style>\t\t\t\t<\/div>\n\t\t\t\t<\/div>\n\t\t\t\t<div class=\"elementor-element elementor-element-d0a5280 elementor-widget elementor-widget-text-editor\" data-id=\"d0a5280\" data-element_type=\"widget\" data-e-type=\"widget\" data-no-translation=\"\" data-widget_type=\"text-editor.default\">\n\t\t\t\t<div class=\"elementor-widget-container\">\n\t\t\t\t\t\t\t\t\t<p>O Curso Avan\u00e7ado de Forma\u00e7\u00e3o \u201cDemocracia e Estado de Direito na Uni\u00e3o Europeia e na Am\u00e9rica Latina\u201d (WP9), organizado pela Universidade do Chile e pela Comiss\u00e3o Econ\u00f4mica para a Am\u00e9rica Latina e o Caribe (CEPAL), \u00e9 oferecido no \u00e2mbito do Projeto BRIDGE Watch como uma iniciativa de forma\u00e7\u00e3o especializada destinada a juristas, diplomatas, acad\u00eamicos, funcion\u00e1rios p\u00fablicos e representantes da sociedade civil em toda a regi\u00e3o.<\/p><p>Estruturado em seis m\u00f3dulos tem\u00e1ticos, o curso combina as conclus\u00f5es e as principais recomenda\u00e7\u00f5es do Relat\u00f3rio BRIDGE Watch 2024 (WP3) com debates aprofundados sobre os fundamentos da democracia e do Estado de Direito na Am\u00e9rica Latina, bem como sobre os desafios que a transforma\u00e7\u00e3o digital imp\u00f5e aos direitos fundamentais, aos processos eleitorais, \u00e0 participa\u00e7\u00e3o pol\u00edtica, aos mercados digitais e \u00e0 governan\u00e7a regulat\u00f3ria, em uma perspectiva comparada entre a Uni\u00e3o Europeia e a Am\u00e9rica Latina.<\/p><p>Ao integrar resultados de pesquisa com debates orientados a pol\u00edticas p\u00fablicas, o curso busca fortalecer capacidades institucionais, promover a dissemina\u00e7\u00e3o do direito europeu e<br \/>latino-americano e fomentar o di\u00e1logo e o interc\u00e2mbio de boas pr\u00e1ticas entre as duas regi\u00f5es, refor\u00e7ando o papel central do Estado de Direito na consolida\u00e7\u00e3o democr\u00e1tica.<\/p>\t\t\t\t\t\t\t\t<\/div>\n\t\t\t\t<\/div>\n\t\t\t\t<div class=\"elementor-element elementor-element-375c2ca elementor-widget elementor-widget-text-editor\" data-id=\"375c2ca\" data-element_type=\"widget\" data-e-type=\"widget\" data-no-translation=\"\" data-widget_type=\"text-editor.default\">\n\t\t\t\t<div class=\"elementor-widget-container\">\n\t\t\t\t\t<style>.elementor-element-375c2ca{display:none !important}<\/style>\t\t\t\t<\/div>\n\t\t\t\t<\/div>\n\t\t\t\t\t<\/div>\n\t\t\t\t<\/div>\n\t\t<div class=\"elementor-element elementor-element-e3f932e e-flex e-con-boxed e-con e-child\" data-id=\"e3f932e\" data-element_type=\"container\" data-e-type=\"container\">\n\t\t\t\t\t<div class=\"e-con-inner\">\n\t\t\t\t<div class=\"elementor-element elementor-element-36445e0 elementor-widget elementor-widget-video\" data-id=\"36445e0\" data-element_type=\"widget\" data-e-type=\"widget\" data-settings=\"{&quot;youtube_url&quot;:&quot;https:\\\/\\\/youtu.be\\\/lta8drqaGMU&quot;,&quot;video_type&quot;:&quot;youtube&quot;,&quot;controls&quot;:&quot;yes&quot;}\" data-widget_type=\"video.default\">\n\t\t\t\t<div class=\"elementor-widget-container\">\n\t\t\t\t\t\t\t<div class=\"elementor-wrapper elementor-open-inline\">\n\t\t\t<div class=\"elementor-video\"><\/div>\t\t<\/div>\n\t\t\t\t\t\t<\/div>\n\t\t\t\t<\/div>\n\t\t\t\t<div class=\"elementor-element elementor-element-ca9c1e3 elementor-widget elementor-widget-button\" data-id=\"ca9c1e3\" data-element_type=\"widget\" data-e-type=\"widget\" data-widget_type=\"button.default\">\n\t\t\t\t<div class=\"elementor-widget-container\">\n\t\t\t\t\t\t\t\t\t<div class=\"elementor-button-wrapper\">\n\t\t\t\t\t<a class=\"elementor-button elementor-button-link elementor-size-sm\" href=\"https:\/\/eurolatinstudies.com\/pt\/democracy-and-the-rule-of-law-in-the-european-union-and-latin-america\/\">\n\t\t\t\t\t\t<span class=\"elementor-button-content-wrapper\">\n\t\t\t\t\t\t\t\t\t<span class=\"elementor-button-text\">Mais informa\u00e7\u00f5es<\/span>\n\t\t\t\t\t<\/span>\n\t\t\t\t\t<\/a>\n\t\t\t\t<\/div>\n\t\t\t\t\t\t\t\t<\/div>\n\t\t\t\t<\/div>\n\t\t\t\t\t<\/div>\n\t\t\t\t<\/div>\n\t\t\t\t\t<\/div>\n\t\t\t\t<\/div>\n\t\t\t\t<\/div>","protected":false},"excerpt":{"rendered":"<p>Training Courses Check out all the free courses available by clicking below The training courses initiative, launched under the auspices of the Jean Monnet Network Bridge Project (2020\u20132023), has played a pivotal role in advancing the professional development of employees and stakeholders from prominent Latin American institutions. These include Brazil&#8217;s Defensoria P\u00fablica da Uni\u00e3o, Mexico&#8217;s [&hellip;]<\/p>\n","protected":false},"author":2,"featured_media":0,"parent":0,"menu_order":0,"comment_status":"closed","ping_status":"closed","template":"elementor_header_footer","meta":{"_acf_changed":false,"om_disable_all_campaigns":false,"_uf_show_specific_survey":0,"_uf_disable_surveys":false,"footnotes":""},"class_list":["post-7195","page","type-page","status-publish","hentry"],"acf":[],"aioseo_notices":[],"post_mailing_queue_ids":[],"_links":{"self":[{"href":"https:\/\/eurolatinstudies.com\/pt\/wp-json\/wp\/v2\/pages\/7195","targetHints":{"allow":["GET"]}}],"collection":[{"href":"https:\/\/eurolatinstudies.com\/pt\/wp-json\/wp\/v2\/pages"}],"about":[{"href":"https:\/\/eurolatinstudies.com\/pt\/wp-json\/wp\/v2\/types\/page"}],"author":[{"embeddable":true,"href":"https:\/\/eurolatinstudies.com\/pt\/wp-json\/wp\/v2\/users\/2"}],"replies":[{"embeddable":true,"href":"https:\/\/eurolatinstudies.com\/pt\/wp-json\/wp\/v2\/comments?post=7195"}],"version-history":[{"count":26,"href":"https:\/\/eurolatinstudies.com\/pt\/wp-json\/wp\/v2\/pages\/7195\/revisions"}],"predecessor-version":[{"id":9861,"href":"https:\/\/eurolatinstudies.com\/pt\/wp-json\/wp\/v2\/pages\/7195\/revisions\/9861"}],"wp:attachment":[{"href":"https:\/\/eurolatinstudies.com\/pt\/wp-json\/wp\/v2\/media?parent=7195"}],"curies":[{"name":"wp","href":"https:\/\/api.w.org\/{rel}","templated":true}]}}