{"id":621,"date":"2024-02-01T10:29:49","date_gmt":"2024-02-01T13:29:49","guid":{"rendered":"https:\/\/eurolatinstudies.com\/?page_id=621"},"modified":"2025-10-11T08:35:27","modified_gmt":"2025-10-11T11:35:27","slug":"guidelines-for-authors","status":"publish","type":"page","link":"https:\/\/eurolatinstudies.com\/pt\/guidelines-for-authors\/","title":{"rendered":"Diretrizes para Autores"},"content":{"rendered":"<div data-elementor-type=\"wp-page\" data-elementor-id=\"621\" class=\"elementor elementor-621\" data-elementor-post-type=\"page\">\n\t\t\t\t<div class=\"elementor-element elementor-element-405e3a4 e-flex e-con-boxed e-con e-parent\" data-id=\"405e3a4\" data-element_type=\"container\" data-e-type=\"container\" data-settings=\"{&quot;background_background&quot;:&quot;classic&quot;}\">\n\t\t\t\t\t<div class=\"e-con-inner\">\n\t\t<div class=\"elementor-element elementor-element-878f5f0 e-flex e-con-boxed e-con e-child\" data-id=\"878f5f0\" data-element_type=\"container\" data-e-type=\"container\">\n\t\t\t\t\t<div class=\"e-con-inner\">\n\t\t\t\t<div class=\"elementor-element elementor-element-096b219 elementor-widget elementor-widget-heading\" data-id=\"096b219\" data-element_type=\"widget\" data-e-type=\"widget\" data-widget_type=\"heading.default\">\n\t\t\t\t<div class=\"elementor-widget-container\">\n\t\t\t\t\t<h1 class=\"elementor-heading-title elementor-size-default\">Diretrizes para Autores<\/h1>\t\t\t\t<\/div>\n\t\t\t\t<\/div>\n\t\t\t\t\t<\/div>\n\t\t\t\t<\/div>\n\t\t\t\t\t<\/div>\n\t\t\t\t<\/div>\n\t\t<div class=\"elementor-element elementor-element-77822271 e-flex e-con-boxed e-con e-parent\" data-id=\"77822271\" data-element_type=\"container\" data-e-type=\"container\" data-settings=\"{&quot;background_background&quot;:&quot;classic&quot;}\">\n\t\t\t\t\t<div class=\"e-con-inner\">\n\t\t<div class=\"elementor-element elementor-element-72ccca33 e-flex e-con-boxed e-con e-child\" data-id=\"72ccca33\" data-element_type=\"container\" data-e-type=\"container\" data-settings=\"{&quot;background_background&quot;:&quot;classic&quot;}\">\n\t\t\t\t\t<div class=\"e-con-inner\">\n\t\t\t\t<div class=\"elementor-element elementor-element-6fc035e elementor-widget elementor-widget-text-editor\" data-id=\"6fc035e\" data-element_type=\"widget\" data-e-type=\"widget\" data-no-translation=\"\" data-widget_type=\"text-editor.default\">\n\t\t\t\t<div class=\"elementor-widget-container\">\n\t\t\t\t\t<style>.elementor-element-6fc035e{display:none !important}<\/style>\t\t\t\t<\/div>\n\t\t\t\t<\/div>\n\t\t\t\t<div class=\"elementor-element elementor-element-f6eae4b elementor-widget elementor-widget-text-editor\" data-id=\"f6eae4b\" data-element_type=\"widget\" data-e-type=\"widget\" data-no-translation=\"\" data-widget_type=\"text-editor.default\">\n\t\t\t\t<div class=\"elementor-widget-container\">\n\t\t\t\t\t\t\t\t\t<h4><strong>Observat\u00f3rio de Estudos Europeus\u00a0<\/strong><\/h4><p><span style=\"font-weight: 400;\">\u25e6 O Observat\u00f3rio de Estudos Europeus \u00e9 um ambiente de comunica\u00e7\u00e3o din\u00e2mico e democr\u00e1tico sobre os assuntos atuais e as not\u00edcias que envolvem a integra\u00e7\u00e3o europeia em suas diferentes express\u00f5es e, principalmente, seus impactos e rela\u00e7\u00f5es com a Am\u00e9rica Latina. O Observat\u00f3rio prioriza a publica\u00e7\u00e3o de not\u00edcias, percep\u00e7\u00f5es<\/span><\/p><p><span style=\"font-weight: 400;\">relacionadas a eventos jur\u00eddicos e pol\u00edticos europeus e breves coment\u00e1rios sobre a jurisprud\u00eancia europeia que despertem o interesse da comunidade internacional. O Observat\u00f3rio tem como objetivo incentivar a publica\u00e7\u00e3o de experi\u00eancias e boas pr\u00e1ticas no campo da integra\u00e7\u00e3o regional e europeia, como forma de desenvolver os conceitos de coopera\u00e7\u00e3o jur\u00eddica e pol\u00edtica internacional, auxiliando acad\u00eamicos, advogados e interessados latino-americanos e europeus a se manterem atualizados sobre os principais acontecimentos na Uni\u00e3o Europeia e na Europa em geral, bem como suas repercuss\u00f5es externas, especialmente na Am\u00e9rica Latina.\u00a0<\/span><\/p><p><span style=\"font-weight: 400;\">\u25e6 Regras para submiss\u00e3o\u00a0<\/span><\/p><p><span style=\"font-weight: 400;\">\u25aa O Observat\u00f3rio aceita envios escritos em ingl\u00eas, espanhol e portugu\u00eas. \u25aa O Observat\u00f3rio d\u00e1 prioridade a textos in\u00e9ditos.\u00a0<\/span><\/p><p><span style=\"font-weight: 400;\">\u25aa \u00c1reas tem\u00e1ticas:\u00a0<\/span><\/p><ul><li><span style=\"font-weight: 400;\"> Quest\u00f5es jur\u00eddicas e pol\u00edticas atuais e not\u00edcias sobre a Uni\u00e3o Europeia e a Europa em geral em todas as suas express\u00f5es e\/ou suas repercuss\u00f5es nas rela\u00e7\u00f5es entre a Europa e a Am\u00e9rica Latina.\u00a0<\/span><\/li><\/ul><p><span style=\"font-weight: 400;\">\u25aa Autoria:\u00a0<\/span><\/p><ul><li><span style=\"font-weight: 400;\"> S\u00e3o bem-vindas submiss\u00f5es de acad\u00eamicos, jovens pesquisadores e membros da sociedade civil.\u00a0<\/span><\/li><li><span style=\"font-weight: 400;\"> Textos de estudantes de gradua\u00e7\u00e3o ser\u00e3o aceitos somente em coautoria com pelo menos estudantes de p\u00f3s-gradua\u00e7\u00e3o ou profissionais da \u00e1rea.\u00a0<\/span><\/li><li><span style=\"font-weight: 400;\"> A coautoria ser\u00e1 limitada a tr\u00eas autores.\u00a0<\/span><\/li><\/ul><p><span style=\"font-weight: 400;\">\u25aa Tipos de contribui\u00e7\u00e3o:\u00a0<\/span><\/p><ul><li><span style=\"font-weight: 400;\"> O Observat\u00f3rio prioriza a publica\u00e7\u00e3o de not\u00edcias e percep\u00e7\u00f5es relacionadas a eventos jur\u00eddicos e pol\u00edticos europeus. Tamb\u00e9m publica breves coment\u00e1rios sobre novas jurisprud\u00eancias europ\u00e9ias que despertem o interesse da comunidade internacional. Textos fora desses formatos (publica\u00e7\u00f5es, confer\u00eancias e eventos, convoca\u00e7\u00e3o de trabalhos, etc.) podem ser aceitos excepcionalmente, mediante an\u00e1lise pr\u00e9via.\u00a0<\/span><\/li><li><span style=\"font-weight: 400;\"> As opini\u00f5es expressas nos textos s\u00e3o de \u00fanica e exclusiva responsabilidade do(s) autor(es), n\u00e3o representando de forma alguma as posi\u00e7\u00f5es do Centro Latino Americano de Estudos Europeus<\/span><\/li><\/ul><p><span style=\"font-weight: 400;\">\u25aa Diretrizes de reda\u00e7\u00e3o:\u00a0<\/span><\/p><ul><li><span style=\"font-weight: 400;\"> Os autores devem enviar uma breve biografia para ser publicada (at\u00e9 20 palavras para cada autor).\u00a0<\/span><\/li><li><span style=\"font-weight: 400;\"> Limite de palavras no texto: 500 &#8211; 1.500 palavras\u00a0<\/span><\/li><li><span style=\"font-weight: 400;\"> Fonte: Times New Roman, Tamanho: 12\u00a0<\/span><\/li><li><span style=\"font-weight: 400;\"> Espa\u00e7amento entre linhas: 1,5\u00a0<\/span><\/li><li><span style=\"font-weight: 400;\"> As cita\u00e7\u00f5es devem ser evitadas. Em caso de extrema necessidade, as refer\u00eancias devem ser indicadas entre par\u00eanteses imediatamente ap\u00f3s a cita\u00e7\u00e3o. Notas de rodap\u00e9 n\u00e3o s\u00e3o permitidas.\u00a0<\/span><\/li><li><span style=\"font-weight: 400;\"> Hiperlinks s\u00e3o permitidos, desde que sejam incorporados diretamente no texto referenciado.\u00a0<\/span><\/li><\/ul><p><span style=\"font-weight: 400;\">\u25aa As submiss\u00f5es devem ser enviadas para o seguinte endere\u00e7o de correio eletr\u00f4nico: submissions@eurolatinstudies.com<\/span><\/p>\t\t\t\t\t\t\t\t<\/div>\n\t\t\t\t<\/div>\n\t\t\t\t<div class=\"elementor-element elementor-element-6dd4c37 elementor-widget elementor-widget-text-editor\" data-id=\"6dd4c37\" data-element_type=\"widget\" data-e-type=\"widget\" data-no-translation=\"\" data-widget_type=\"text-editor.default\">\n\t\t\t\t<div class=\"elementor-widget-container\">\n\t\t\t\t\t<style>.elementor-element-6dd4c37{display:none !important}<\/style>\t\t\t\t<\/div>\n\t\t\t\t<\/div>\n\t\t\t\t\t<\/div>\n\t\t\t\t<\/div>\n\t\t\t\t\t<\/div>\n\t\t\t\t<\/div>\n\t\t\t\t<\/div>","protected":false},"excerpt":{"rendered":"<p>Guidelines for Authors Observatory On European Studies\u00a0 \u25e6 The Observatory on European Studies is a dynamic and democratic communication environment regarding current affairs and news surrounding the European Integration in all different expressions and mainly its impacts and relations with Latin America.\u00a0 The Observatory prioritizes the publication of news, insights related to legal and political [&hellip;]<\/p>\n","protected":false},"author":4,"featured_media":0,"parent":0,"menu_order":0,"comment_status":"closed","ping_status":"closed","template":"elementor_header_footer","meta":{"_acf_changed":false,"om_disable_all_campaigns":false,"_uf_show_specific_survey":0,"_uf_disable_surveys":false,"footnotes":""},"class_list":["post-621","page","type-page","status-publish","hentry"],"acf":[],"aioseo_notices":[],"post_mailing_queue_ids":[],"_links":{"self":[{"href":"https:\/\/eurolatinstudies.com\/pt\/wp-json\/wp\/v2\/pages\/621","targetHints":{"allow":["GET"]}}],"collection":[{"href":"https:\/\/eurolatinstudies.com\/pt\/wp-json\/wp\/v2\/pages"}],"about":[{"href":"https:\/\/eurolatinstudies.com\/pt\/wp-json\/wp\/v2\/types\/page"}],"author":[{"embeddable":true,"href":"https:\/\/eurolatinstudies.com\/pt\/wp-json\/wp\/v2\/users\/4"}],"replies":[{"embeddable":true,"href":"https:\/\/eurolatinstudies.com\/pt\/wp-json\/wp\/v2\/comments?post=621"}],"version-history":[{"count":6,"href":"https:\/\/eurolatinstudies.com\/pt\/wp-json\/wp\/v2\/pages\/621\/revisions"}],"predecessor-version":[{"id":8168,"href":"https:\/\/eurolatinstudies.com\/pt\/wp-json\/wp\/v2\/pages\/621\/revisions\/8168"}],"wp:attachment":[{"href":"https:\/\/eurolatinstudies.com\/pt\/wp-json\/wp\/v2\/media?parent=621"}],"curies":[{"name":"wp","href":"https:\/\/api.w.org\/{rel}","templated":true}]}}