{"id":619,"date":"2024-02-01T10:29:34","date_gmt":"2024-02-01T13:29:34","guid":{"rendered":"https:\/\/eurolatinstudies.com\/?page_id=619"},"modified":"2024-04-03T09:50:19","modified_gmt":"2024-04-03T12:50:19","slug":"submissions-observatory","status":"publish","type":"page","link":"https:\/\/eurolatinstudies.com\/pt\/submissions-observatory\/","title":{"rendered":"Submissions &#8211; Observatory"},"content":{"rendered":"<div data-elementor-type=\"wp-page\" data-elementor-id=\"619\" class=\"elementor elementor-619\" data-elementor-post-type=\"page\">\n\t\t\t\t<div class=\"elementor-element elementor-element-ac97cdc e-flex e-con-boxed e-con e-parent\" data-id=\"ac97cdc\" data-element_type=\"container\" data-e-type=\"container\" data-settings=\"{&quot;background_background&quot;:&quot;classic&quot;}\">\n\t\t\t\t\t<div class=\"e-con-inner\">\n\t\t<div class=\"elementor-element elementor-element-0f5a2d8 e-flex e-con-boxed e-con e-child\" data-id=\"0f5a2d8\" data-element_type=\"container\" data-e-type=\"container\">\n\t\t\t\t\t<div class=\"e-con-inner\">\n\t\t\t\t<div class=\"elementor-element elementor-element-0427f54 elementor-widget elementor-widget-heading\" data-id=\"0427f54\" data-element_type=\"widget\" data-e-type=\"widget\" data-widget_type=\"heading.default\">\n\t\t\t\t<div class=\"elementor-widget-container\">\n\t\t\t\t\t<h1 class=\"elementor-heading-title elementor-size-default\">Submiss\u00f5es<\/h1>\t\t\t\t<\/div>\n\t\t\t\t<\/div>\n\t\t\t\t\t<\/div>\n\t\t\t\t<\/div>\n\t\t\t\t\t<\/div>\n\t\t\t\t<\/div>\n\t\t<div class=\"elementor-element elementor-element-5fb6f0ef e-flex e-con-boxed e-con e-parent\" data-id=\"5fb6f0ef\" data-element_type=\"container\" data-e-type=\"container\" data-settings=\"{&quot;background_background&quot;:&quot;classic&quot;}\">\n\t\t\t\t\t<div class=\"e-con-inner\">\n\t\t<div class=\"elementor-element elementor-element-5215f138 e-flex e-con-boxed e-con e-child\" data-id=\"5215f138\" data-element_type=\"container\" data-e-type=\"container\" data-settings=\"{&quot;background_background&quot;:&quot;classic&quot;}\">\n\t\t\t\t\t<div class=\"e-con-inner\">\n\t\t\t\t<div class=\"elementor-element elementor-element-64013d3 elementor-widget elementor-widget-text-editor\" data-id=\"64013d3\" data-element_type=\"widget\" data-e-type=\"widget\" data-widget_type=\"text-editor.default\">\n\t\t\t\t<div class=\"elementor-widget-container\">\n\t\t\t\t\t\t\t\t\t<p>O Observat\u00f3rio de Estudos Europeus \u00e9 um espa\u00e7o de comunica\u00e7\u00e3o din\u00e2mico e democr\u00e1tico sobre temas atuais e not\u00edcias relativas \u00e0 integra\u00e7\u00e3o europeia em suas mais diferentes facetas e, principalmente, seus impactos e rela\u00e7\u00f5es com a Am\u00e9rica Latina.<\/p><p>O Observat\u00f3rio prioriza a publica\u00e7\u00e3o de not\u00edcias, insights relacionados a eventos jur\u00eddicos e pol\u00edticos europeus e breves coment\u00e1rios sobre a jurisprud\u00eancia europeia que gerem interesse para a comunidade internacional. Tamb\u00e9m busca estimular a dissemina\u00e7\u00e3o de experi\u00eancias e boas pr\u00e1ticas na \u00e1rea de integra\u00e7\u00e3o regional e europeia, como uma importante ferramenta para o desenvolvimento dos conceitos de coopera\u00e7\u00e3o jur\u00eddica e pol\u00edtica internacional.<\/p><p>Com isso, buscamos ajudar acad\u00eamicos, juristas e interessados da Am\u00e9rica Latina e da Europa a se manterem sempre atualizados sobre os principais acontecimentos relacionados \u00e0 Uni\u00e3o Europeia e \u00e0 Europa em geral, bem como suas repercuss\u00f5es al\u00e9m das fronteiras do continente.<\/p><p><strong>\u00a0<\/strong><strong>\u00a0<\/strong><\/p><p><strong>SUBMISS\u00d5ES<\/strong><\/p><p>Para enviar uma publica\u00e7\u00e3o ao Observat\u00f3rio de Estudos Europeus, o autor deve seguir as regras contidas nas Diretrizes para Autores e enviar o texto para submissions@eurolatinstudies.com.<\/p>\t\t\t\t\t\t\t\t<\/div>\n\t\t\t\t<\/div>\n\t\t\t\t\t<\/div>\n\t\t\t\t<\/div>\n\t\t\t\t\t<\/div>\n\t\t\t\t<\/div>\n\t\t\t\t<\/div>","protected":false},"excerpt":{"rendered":"<p>Submissions The Observatory on European Studies is a dynamic and democratic communication space on current issues and news concerning European integration in its most different facets and, mainly, its impacts and relations with Latin America. The Observatory prioritizes the publication of news, insights related to European legal and political events and brief comments on European [&hellip;]<\/p>\n","protected":false},"author":2,"featured_media":0,"parent":0,"menu_order":0,"comment_status":"closed","ping_status":"closed","template":"elementor_header_footer","meta":{"_acf_changed":false,"om_disable_all_campaigns":false,"_uf_show_specific_survey":0,"_uf_disable_surveys":false,"footnotes":""},"class_list":["post-619","page","type-page","status-publish","hentry"],"acf":[],"aioseo_notices":[],"post_mailing_queue_ids":[],"_links":{"self":[{"href":"https:\/\/eurolatinstudies.com\/pt\/wp-json\/wp\/v2\/pages\/619","targetHints":{"allow":["GET"]}}],"collection":[{"href":"https:\/\/eurolatinstudies.com\/pt\/wp-json\/wp\/v2\/pages"}],"about":[{"href":"https:\/\/eurolatinstudies.com\/pt\/wp-json\/wp\/v2\/types\/page"}],"author":[{"embeddable":true,"href":"https:\/\/eurolatinstudies.com\/pt\/wp-json\/wp\/v2\/users\/2"}],"replies":[{"embeddable":true,"href":"https:\/\/eurolatinstudies.com\/pt\/wp-json\/wp\/v2\/comments?post=619"}],"version-history":[{"count":0,"href":"https:\/\/eurolatinstudies.com\/pt\/wp-json\/wp\/v2\/pages\/619\/revisions"}],"wp:attachment":[{"href":"https:\/\/eurolatinstudies.com\/pt\/wp-json\/wp\/v2\/media?parent=619"}],"curies":[{"name":"wp","href":"https:\/\/api.w.org\/{rel}","templated":true}]}}