{"id":7195,"date":"2025-02-14T07:32:13","date_gmt":"2025-02-14T10:32:13","guid":{"rendered":"https:\/\/eurolatinstudies.com\/?page_id=7195"},"modified":"2026-01-09T17:07:00","modified_gmt":"2026-01-09T20:07:00","slug":"training-courses","status":"publish","type":"page","link":"https:\/\/eurolatinstudies.com\/es\/training-courses\/","title":{"rendered":"Cursos de formaci\u00f3n"},"content":{"rendered":"<div data-elementor-type=\"wp-page\" data-elementor-id=\"7195\" class=\"elementor elementor-7195\" data-elementor-post-type=\"page\">\n\t\t\t\t<div class=\"elementor-element elementor-element-2f71eeb e-flex e-con-boxed e-con e-parent\" data-id=\"2f71eeb\" data-element_type=\"container\" data-e-type=\"container\" data-settings=\"{&quot;background_background&quot;:&quot;classic&quot;}\">\n\t\t\t\t\t<div class=\"e-con-inner\">\n\t\t\t\t<div class=\"elementor-element elementor-element-f46e10d elementor-widget elementor-widget-heading\" data-id=\"f46e10d\" data-element_type=\"widget\" data-e-type=\"widget\" data-widget_type=\"heading.default\">\n\t\t\t\t<div class=\"elementor-widget-container\">\n\t\t\t\t\t<h2 class=\"elementor-heading-title elementor-size-default\">Cursos de formaci\u00f3n<\/h2>\t\t\t\t<\/div>\n\t\t\t\t<\/div>\n\t\t\t\t<div class=\"elementor-element elementor-element-78d6062 elementor-widget elementor-widget-text-editor\" data-id=\"78d6062\" data-element_type=\"widget\" data-e-type=\"widget\" data-widget_type=\"text-editor.default\">\n\t\t\t\t<div class=\"elementor-widget-container\">\n\t\t\t\t\t\t\t\t\t<p>Consulte todos los cursos gratuitos disponibles abajo<\/p>\t\t\t\t\t\t\t\t<\/div>\n\t\t\t\t<\/div>\n\t\t\t\t\t<\/div>\n\t\t\t\t<\/div>\n\t\t<div class=\"elementor-element elementor-element-fd07a5a e-flex e-con-boxed e-con e-parent\" data-id=\"fd07a5a\" data-element_type=\"container\" data-e-type=\"container\">\n\t\t\t\t\t<div class=\"e-con-inner\">\n\t\t\t\t<div class=\"elementor-element elementor-element-9f221fd elementor-widget elementor-widget-text-editor\" data-id=\"9f221fd\" data-element_type=\"widget\" data-e-type=\"widget\" data-widget_type=\"text-editor.default\">\n\t\t\t\t<div class=\"elementor-widget-container\">\n\t\t\t\t\t\t\t\t\t<p><span style=\"font-weight: 400;\">The training courses initiative, launched under the auspices of the Jean Monnet Network Bridge Project (2020\u20132023), has played a pivotal role in advancing the professional development of employees and stakeholders from prominent Latin American institutions. These include Brazil&#8217;s <\/span><i><span style=\"font-weight: 400;\">Defensoria P\u00fablica da Uni\u00e3o<\/span><\/i><span style=\"font-weight: 400;\">, Mexico&#8217;s <\/span><i><span style=\"font-weight: 400;\">Comisi\u00f3n Nacional de los Derechos Humanos<\/span><\/i><span style=\"font-weight: 400;\">, and a consortium of Colombian military and educational institutions, such as the <\/span><i><span style=\"font-weight: 400;\">Escuela Militar de Cadetes General Jos\u00e9 Mar\u00eda C\u00f3rdova<\/span><\/i><span style=\"font-weight: 400;\">, <\/span><i><span style=\"font-weight: 400;\">Universidad Militar Nueva Granada<\/span><\/i><span style=\"font-weight: 400;\">, and the <\/span><i><span style=\"font-weight: 400;\">Armada Nacional de Colombia<\/span><\/i><span style=\"font-weight: 400;\">.<\/span><\/p><p><span style=\"font-weight: 400;\">Building on this solid foundation, the Jean Monnet Network Policy Debate Bridge Watch Project periodically introduces new editions of a specially tailored course, <\/span><i><span style=\"font-weight: 400;\">Globalizing European Union Values and Democracy<\/span><\/i><span style=\"font-weight: 400;\">.<\/span><\/p><p><span style=\"font-weight: 400;\">Iniciativa de Cursos de Capacitaci\u00f3n: Fortaleciendo el Desarrollo Profesional en Am\u00e9rica Latina\nLa iniciativa de cursos de capacitaci\u00f3n, lanzada bajo los auspicios del Proyecto Jean Monnet Network Bridge (2020\u20132023), ha desempe\u00f1ado un papel fundamental en el avance del desarrollo profesional de funcionarios y actores clave de importantes instituciones de Am\u00e9rica Latina. Entre ellas se encuentran la Defensor\u00eda P\u00fablica de la Uni\u00f3n de Brasil, la Comisi\u00f3n Nacional de los Derechos Humanos de M\u00e9xico y un consorcio de instituciones militares y educativas de Colombia, como la Escuela Militar de Cadetes General Jos\u00e9 Mar\u00eda C\u00f3rdova, la Universidad Militar Nueva Granada y la Armada Nacional de Colombia.\nSobre esta s\u00f3lida base, el Proyecto Jean Monnet Network Policy Debate Bridge Watch lanza peri\u00f3dicamente nuevas ediciones de un curso especialmente dise\u00f1ado: Globalizing European Union Values and Democracy.\nEstos cursos est\u00e1n dirigidos a juristas, diplom\u00e1ticos, acad\u00e9micos, actores clave y funcionarios p\u00fablicos. Inicialmente impartidas de forma presencial, las clases son posteriormente grabadas y puestas a disposici\u00f3n de forma gratuita en este sitio web.\nEste enfoque innovador tiene como objetivo fomentar la ense\u00f1anza y la difusi\u00f3n del derecho latinoamericano y europeo, destacando el papel indispensable del Estado de Derecho en el fortalecimiento de la gobernanza democr\u00e1tica.<\/span><\/p>\t\t\t\t\t\t\t\t<\/div>\n\t\t\t\t<\/div>\n\t\t\t\t\t<\/div>\n\t\t\t\t<\/div>\n\t\t<div class=\"elementor-element elementor-element-554e548 e-flex e-con-boxed e-con e-parent\" data-id=\"554e548\" data-element_type=\"container\" data-e-type=\"container\">\n\t\t\t\t\t<div class=\"e-con-inner\">\n\t\t<div class=\"elementor-element elementor-element-bc1256b e-flex e-con-boxed e-con e-child\" data-id=\"bc1256b\" data-element_type=\"container\" data-e-type=\"container\">\n\t\t\t\t\t<div class=\"e-con-inner\">\n\t\t\t\t<div class=\"elementor-element elementor-element-5023e05 elementor-widget elementor-widget-heading\" data-id=\"5023e05\" data-element_type=\"widget\" data-e-type=\"widget\" data-widget_type=\"heading.default\">\n\t\t\t\t<div class=\"elementor-widget-container\">\n\t\t\t\t\t<h2 class=\"elementor-heading-title elementor-size-default\">Globalizando los Valores y la Democracia de la Uni\u00f3n Europea<\/h2>\t\t\t\t<\/div>\n\t\t\t\t<\/div>\n\t\t\t\t<div class=\"elementor-element elementor-element-4a4bc1f elementor-widget elementor-widget-text-editor\" data-id=\"4a4bc1f\" data-element_type=\"widget\" data-e-type=\"widget\" data-widget_type=\"text-editor.default\">\n\t\t\t\t<div class=\"elementor-widget-container\">\n\t\t\t\t\t\t\t\t\t<p><span style=\"font-weight: 400;\">Este curso de capacitaci\u00f3n, parte de la iniciativa Bridge Watch, explora los valores de la Uni\u00f3n Europea y su relevancia para los esfuerzos de consolidaci\u00f3n de la democracia en Am\u00e9rica Latina. Destinado a juristas, diplom\u00e1ticos, acad\u00e9micos y funcionarios p\u00fablicos, el curso promueve el intercambio de conocimientos entre regiones, abordando temas cruciales como el Estado de Derecho, la transformaci\u00f3n digital y el desarrollo sostenible.\nEl curso est\u00e1 dividido en tres m\u00f3dulos tem\u00e1ticos:\u00a0\u00a0<\/span><\/p><ol><li><span style=\"font-weight: 400;\"> Construcci\u00f3n de la Democracia en Am\u00e9rica Latin<\/span><\/li><li><span style=\"font-weight: 400;\"> Transformaci\u00f3n Digital y Soluciones Innovadoras\u00a0<\/span><\/li><li><span style=\"font-weight: 400;\"> Transiciones Verdes y Sociedades Sostenibles<\/span><\/li><\/ol><p><span style=\"font-weight: 400;\">Las clases se imparten de forma presencial, se graban y se ponen a disposici\u00f3n gratuitamente en l\u00ednea. Las grabaciones est\u00e1n en proceso y se publicar\u00e1n a lo largo de la duraci\u00f3n del proyecto.\nEsta iniciativa destaca la importancia de los valores compartidos en el fortalecimiento de la gobernanza democr\u00e1tica y en la promoci\u00f3n de la colaboraci\u00f3n internacional.\u00a0\u00a0<\/span><\/p><p>Los dos primeros m\u00f3dulos del curso ya est\u00e1n disponibles y se pueden acceder de forma gratuita aqu\u00ed.<\/p>\t\t\t\t\t\t\t\t<\/div>\n\t\t\t\t<\/div>\n\t\t\t\t\t<\/div>\n\t\t\t\t<\/div>\n\t\t<div class=\"elementor-element elementor-element-ea82ba5 e-con-full e-flex e-con e-child\" data-id=\"ea82ba5\" data-element_type=\"container\" data-e-type=\"container\">\n\t\t\t\t<div class=\"elementor-element elementor-element-75db5bc elementor-widget elementor-widget-video\" data-id=\"75db5bc\" data-element_type=\"widget\" data-e-type=\"widget\" data-settings=\"{&quot;youtube_url&quot;:&quot;https:\\\/\\\/youtu.be\\\/7yyea_KTe6A&quot;,&quot;video_type&quot;:&quot;youtube&quot;,&quot;controls&quot;:&quot;yes&quot;}\" data-widget_type=\"video.default\">\n\t\t\t\t<div class=\"elementor-widget-container\">\n\t\t\t\t\t\t\t<div class=\"elementor-wrapper elementor-open-inline\">\n\t\t\t<div class=\"elementor-video\"><\/div>\t\t<\/div>\n\t\t\t\t\t\t<\/div>\n\t\t\t\t<\/div>\n\t\t\t\t<div class=\"elementor-element elementor-element-6b5d08f elementor-widget elementor-widget-button\" data-id=\"6b5d08f\" data-element_type=\"widget\" data-e-type=\"widget\" data-widget_type=\"button.default\">\n\t\t\t\t<div class=\"elementor-widget-container\">\n\t\t\t\t\t\t\t\t\t<div class=\"elementor-button-wrapper\">\n\t\t\t\t\t<a class=\"elementor-button elementor-button-link elementor-size-sm\" href=\"https:\/\/eurolatinstudies.com\/es\/globalizing-eu-values-and-democracy\/\">\n\t\t\t\t\t\t<span class=\"elementor-button-content-wrapper\">\n\t\t\t\t\t\t\t\t\t<span class=\"elementor-button-text\">M\u00e1s informaci\u00f3n<\/span>\n\t\t\t\t\t<\/span>\n\t\t\t\t\t<\/a>\n\t\t\t\t<\/div>\n\t\t\t\t\t\t\t\t<\/div>\n\t\t\t\t<\/div>\n\t\t\t\t<\/div>\n\t\t\t\t\t<\/div>\n\t\t\t\t<\/div>\n\t\t<div class=\"elementor-element elementor-element-de06137 e-flex e-con-boxed e-con e-parent\" data-id=\"de06137\" data-element_type=\"container\" data-e-type=\"container\">\n\t\t\t\t\t<div class=\"e-con-inner\">\n\t\t<div class=\"elementor-element elementor-element-39310db e-flex e-con-boxed e-con e-child\" data-id=\"39310db\" data-element_type=\"container\" data-e-type=\"container\">\n\t\t\t\t\t<div class=\"e-con-inner\">\n\t\t\t\t<div class=\"elementor-element elementor-element-e84c9a1 elementor-widget elementor-widget-heading\" data-id=\"e84c9a1\" data-element_type=\"widget\" data-e-type=\"widget\" data-widget_type=\"heading.default\">\n\t\t\t\t<div class=\"elementor-widget-container\">\n\t\t\t\t\t<h2 class=\"elementor-heading-title elementor-size-default\">El Proceso de Integraci\u00f3n Regional de la Uni\u00f3n Europea y Su Impacto en la Prestaci\u00f3n de Asistencia Jur\u00eddica en Am\u00e9rica Latina<\/h2>\t\t\t\t<\/div>\n\t\t\t\t<\/div>\n\t\t\t\t<div class=\"elementor-element elementor-element-fe28a85 elementor-widget elementor-widget-text-editor\" data-id=\"fe28a85\" data-element_type=\"widget\" data-e-type=\"widget\" data-widget_type=\"text-editor.default\">\n\t\t\t\t<div class=\"elementor-widget-container\">\n\t\t\t\t\t\t\t\t\t<p><span style=\"font-weight: 400;\">El curso de capacitaci\u00f3n \u201cEl Proceso de Integraci\u00f3n Regional de la Uni\u00f3n Europea y Su Impacto en la Prestaci\u00f3n de Asistencia Jur\u00eddica en Am\u00e9rica Latina\u201d fue ofrecido por el proyecto Jean Monnet Network \u2013 BRIDGE (2020-2023), cofinanciado por el programa Erasmus+ de la Uni\u00f3n Europea y el Latin American Center of European Studies (LACES).<\/span><\/p><p><span style=\"font-weight: 400;\">Este curso, disponible de forma gratuita y en l\u00ednea, tiene como objetivo proporcionar a agentes p\u00fablicos, operadores del derecho y profesionales de relaciones internacionales una comprensi\u00f3n m\u00e1s amplia sobre c\u00f3mo el proceso de integraci\u00f3n regional de la Uni\u00f3n Europea se relaciona con Am\u00e9rica Latina.<\/span><\/p><p><span style=\"font-weight: 400;\">El curso aborda cuestiones jur\u00eddicas complejas, con un enfoque especial en su impacto en la asistencia jur\u00eddica brindada por los pa\u00edses latinoamericanos.\nEl curso fue impartido por profesores latinoamericanos y europeos, socios del proyecto BRIDGE, en portugu\u00e9s y espa\u00f1ol, siempre con traducci\u00f3n en los subt\u00edtulos de los videos.\nEl curso consta de siete clases, grabadas en octubre de 2021, y est\u00e1 disponible para su acceso en cualquier momento.<\/span><\/p>\t\t\t\t\t\t\t\t<\/div>\n\t\t\t\t<\/div>\n\t\t\t\t\t<\/div>\n\t\t\t\t<\/div>\n\t\t<div class=\"elementor-element elementor-element-bcd09fa e-flex e-con-boxed e-con e-child\" data-id=\"bcd09fa\" data-element_type=\"container\" data-e-type=\"container\">\n\t\t\t\t\t<div class=\"e-con-inner\">\n\t\t\t\t<div class=\"elementor-element elementor-element-6a2db28 elementor-widget elementor-widget-video\" data-id=\"6a2db28\" data-element_type=\"widget\" data-e-type=\"widget\" data-settings=\"{&quot;youtube_url&quot;:&quot;https:\\\/\\\/youtu.be\\\/LuCpouUnQcI&quot;,&quot;video_type&quot;:&quot;youtube&quot;,&quot;controls&quot;:&quot;yes&quot;}\" data-widget_type=\"video.default\">\n\t\t\t\t<div class=\"elementor-widget-container\">\n\t\t\t\t\t\t\t<div class=\"elementor-wrapper elementor-open-inline\">\n\t\t\t<div class=\"elementor-video\"><\/div>\t\t<\/div>\n\t\t\t\t\t\t<\/div>\n\t\t\t\t<\/div>\n\t\t\t\t<div class=\"elementor-element elementor-element-91ac1f0 elementor-widget elementor-widget-button\" data-id=\"91ac1f0\" data-element_type=\"widget\" data-e-type=\"widget\" data-widget_type=\"button.default\">\n\t\t\t\t<div class=\"elementor-widget-container\">\n\t\t\t\t\t\t\t\t\t<div class=\"elementor-button-wrapper\">\n\t\t\t\t\t<a class=\"elementor-button elementor-button-link elementor-size-sm\" href=\"https:\/\/eurolatinstudies.com\/es\/online-training-course\/\">\n\t\t\t\t\t\t<span class=\"elementor-button-content-wrapper\">\n\t\t\t\t\t\t\t\t\t<span class=\"elementor-button-text\">M\u00e1s informaci\u00f3n<\/span>\n\t\t\t\t\t<\/span>\n\t\t\t\t\t<\/a>\n\t\t\t\t<\/div>\n\t\t\t\t\t\t\t\t<\/div>\n\t\t\t\t<\/div>\n\t\t\t\t\t<\/div>\n\t\t\t\t<\/div>\n\t\t\t\t\t<\/div>\n\t\t\t\t<\/div>\n\t\t<div class=\"elementor-element elementor-element-a06518a e-flex e-con-boxed e-con e-parent\" data-id=\"a06518a\" data-element_type=\"container\" data-e-type=\"container\">\n\t\t\t\t\t<div class=\"e-con-inner\">\n\t\t<div class=\"elementor-element elementor-element-0859f99 e-flex e-con-boxed e-con e-child\" data-id=\"0859f99\" data-element_type=\"container\" data-e-type=\"container\">\n\t\t\t\t\t<div class=\"e-con-inner\">\n\t\t\t\t<div class=\"elementor-element elementor-element-2e9ab94 elementor-widget elementor-widget-heading\" data-id=\"2e9ab94\" data-element_type=\"widget\" data-e-type=\"widget\" data-widget_type=\"heading.default\">\n\t\t\t\t<div class=\"elementor-widget-container\">\n\t\t\t\t\t<h2 class=\"elementor-heading-title elementor-size-default\">Democracy and the Rule of Law in the European Union and Latin\nAmerica<\/h2>\t\t\t\t<\/div>\n\t\t\t\t<\/div>\n\t\t\t\t<div class=\"elementor-element elementor-element-ef8c59d elementor-widget elementor-widget-heading\" data-id=\"ef8c59d\" data-element_type=\"widget\" data-e-type=\"widget\" data-no-translation=\"\" data-widget_type=\"heading.default\">\n\t\t\t\t<div class=\"elementor-widget-container\">\n\t\t\t\t\t<h2 class=\"elementor-heading-title elementor-size-default\">Democracia y Estado de Derecho en la Uni\u00f3n Europea y Am\u00e9rica Latina<\/h2>\t\t\t\t<\/div>\n\t\t\t\t<\/div>\n\t\t\t\t<div class=\"elementor-element elementor-element-85892e8 elementor-widget elementor-widget-heading\" data-id=\"85892e8\" data-element_type=\"widget\" data-e-type=\"widget\" data-no-translation=\"\" data-widget_type=\"heading.default\">\n\t\t\t\t<div class=\"elementor-widget-container\">\n\t\t\t\t\t<style>.elementor-element-85892e8{display:none !important}<\/style>\t\t\t\t<\/div>\n\t\t\t\t<\/div>\n\t\t\t\t<div class=\"elementor-element elementor-element-e78dad1 elementor-widget elementor-widget-text-editor\" data-id=\"e78dad1\" data-element_type=\"widget\" data-e-type=\"widget\" data-no-translation=\"\" data-widget_type=\"text-editor.default\">\n\t\t\t\t<div class=\"elementor-widget-container\">\n\t\t\t\t\t<style>.elementor-element-e78dad1{display:none !important}<\/style>\t\t\t\t<\/div>\n\t\t\t\t<\/div>\n\t\t\t\t<div class=\"elementor-element elementor-element-d0a5280 elementor-widget elementor-widget-text-editor\" data-id=\"d0a5280\" data-element_type=\"widget\" data-e-type=\"widget\" data-no-translation=\"\" data-widget_type=\"text-editor.default\">\n\t\t\t\t<div class=\"elementor-widget-container\">\n\t\t\t\t\t<style>.elementor-element-d0a5280{display:none !important}<\/style>\t\t\t\t<\/div>\n\t\t\t\t<\/div>\n\t\t\t\t<div class=\"elementor-element elementor-element-375c2ca elementor-widget elementor-widget-text-editor\" data-id=\"375c2ca\" data-element_type=\"widget\" data-e-type=\"widget\" data-no-translation=\"\" data-widget_type=\"text-editor.default\">\n\t\t\t\t<div class=\"elementor-widget-container\">\n\t\t\t\t\t\t\t\t\t<p>El Curso Avanzado de Formaci\u00f3n \u201cDemocracia y Estado de Derecho en la Uni\u00f3n Europea y Am\u00e9rica Latina\u201d (WP9), organizado por la Universidad de Chile y la Comisi\u00f3n Econ\u00f3mica para Am\u00e9rica Latina y el Caribe (CEPAL), se ofrece en el marco del Proyecto BRIDGE<br>Watch como una iniciativa de formaci\u00f3n especializada dirigida a juristas, diplom\u00e1ticos, acad\u00e9micos, funcionarios p\u00fablicos y actores de la sociedad civil en toda la regi\u00f3n.<\/p>\n<p>Estructurado en seis m\u00f3dulos tem\u00e1ticos, el curso combina los hallazgos y las principales recomendaciones del Informe BRIDGE Watch 2024 (WP3) con debates en profundidad sobre los fundamentos de la democracia y del Estado de Derecho en Am\u00e9rica Latina, as\u00ed como sobre los desaf\u00edos que la transformaci\u00f3n digital plantea para los derechos fundamentales, los procesos electorales, la participaci\u00f3n pol\u00edtica, los mercados digitales y la<br>gobernanza regulatoria, desde una perspectiva comparada entre la Uni\u00f3n Europea y Am\u00e9rica Latina<span style=\"font-size: 1rem;\">.<\/span><\/p><p>Al integrar resultados de investigaci\u00f3n con debates orientados a pol\u00edticas p\u00fablicas, el curso busca fortalecer las capacidades institucionales, promover la difusi\u00f3n del derecho europeo y<br>latinoamericano y fomentar el di\u00e1logo y el intercambio de buenas pr\u00e1cticas entre ambas regiones, reforzando el papel central del Estado de Derecho en la consolidaci\u00f3n democr\u00e1tica.<\/p>\t\t\t\t\t\t\t\t<\/div>\n\t\t\t\t<\/div>\n\t\t\t\t\t<\/div>\n\t\t\t\t<\/div>\n\t\t<div class=\"elementor-element elementor-element-e3f932e e-flex e-con-boxed e-con e-child\" data-id=\"e3f932e\" data-element_type=\"container\" data-e-type=\"container\">\n\t\t\t\t\t<div class=\"e-con-inner\">\n\t\t\t\t<div class=\"elementor-element elementor-element-36445e0 elementor-widget elementor-widget-video\" data-id=\"36445e0\" data-element_type=\"widget\" data-e-type=\"widget\" data-settings=\"{&quot;youtube_url&quot;:&quot;https:\\\/\\\/youtu.be\\\/lta8drqaGMU&quot;,&quot;video_type&quot;:&quot;youtube&quot;,&quot;controls&quot;:&quot;yes&quot;}\" data-widget_type=\"video.default\">\n\t\t\t\t<div class=\"elementor-widget-container\">\n\t\t\t\t\t\t\t<div class=\"elementor-wrapper elementor-open-inline\">\n\t\t\t<div class=\"elementor-video\"><\/div>\t\t<\/div>\n\t\t\t\t\t\t<\/div>\n\t\t\t\t<\/div>\n\t\t\t\t<div class=\"elementor-element elementor-element-ca9c1e3 elementor-widget elementor-widget-button\" data-id=\"ca9c1e3\" data-element_type=\"widget\" data-e-type=\"widget\" data-widget_type=\"button.default\">\n\t\t\t\t<div class=\"elementor-widget-container\">\n\t\t\t\t\t\t\t\t\t<div class=\"elementor-button-wrapper\">\n\t\t\t\t\t<a class=\"elementor-button elementor-button-link elementor-size-sm\" href=\"https:\/\/eurolatinstudies.com\/es\/democracy-and-the-rule-of-law-in-the-european-union-and-latin-america\/\">\n\t\t\t\t\t\t<span class=\"elementor-button-content-wrapper\">\n\t\t\t\t\t\t\t\t\t<span class=\"elementor-button-text\">M\u00e1s informaci\u00f3n<\/span>\n\t\t\t\t\t<\/span>\n\t\t\t\t\t<\/a>\n\t\t\t\t<\/div>\n\t\t\t\t\t\t\t\t<\/div>\n\t\t\t\t<\/div>\n\t\t\t\t\t<\/div>\n\t\t\t\t<\/div>\n\t\t\t\t\t<\/div>\n\t\t\t\t<\/div>\n\t\t\t\t<\/div>","protected":false},"excerpt":{"rendered":"<p>Training Courses Check out all the free courses available by clicking below The training courses initiative, launched under the auspices of the Jean Monnet Network Bridge Project (2020\u20132023), has played a pivotal role in advancing the professional development of employees and stakeholders from prominent Latin American institutions. These include Brazil&#8217;s Defensoria P\u00fablica da Uni\u00e3o, Mexico&#8217;s [&hellip;]<\/p>\n","protected":false},"author":2,"featured_media":0,"parent":0,"menu_order":0,"comment_status":"closed","ping_status":"closed","template":"elementor_header_footer","meta":{"_acf_changed":false,"om_disable_all_campaigns":false,"_uf_show_specific_survey":0,"_uf_disable_surveys":false,"footnotes":""},"class_list":["post-7195","page","type-page","status-publish","hentry"],"acf":[],"aioseo_notices":[],"post_mailing_queue_ids":[],"_links":{"self":[{"href":"https:\/\/eurolatinstudies.com\/es\/wp-json\/wp\/v2\/pages\/7195","targetHints":{"allow":["GET"]}}],"collection":[{"href":"https:\/\/eurolatinstudies.com\/es\/wp-json\/wp\/v2\/pages"}],"about":[{"href":"https:\/\/eurolatinstudies.com\/es\/wp-json\/wp\/v2\/types\/page"}],"author":[{"embeddable":true,"href":"https:\/\/eurolatinstudies.com\/es\/wp-json\/wp\/v2\/users\/2"}],"replies":[{"embeddable":true,"href":"https:\/\/eurolatinstudies.com\/es\/wp-json\/wp\/v2\/comments?post=7195"}],"version-history":[{"count":26,"href":"https:\/\/eurolatinstudies.com\/es\/wp-json\/wp\/v2\/pages\/7195\/revisions"}],"predecessor-version":[{"id":9861,"href":"https:\/\/eurolatinstudies.com\/es\/wp-json\/wp\/v2\/pages\/7195\/revisions\/9861"}],"wp:attachment":[{"href":"https:\/\/eurolatinstudies.com\/es\/wp-json\/wp\/v2\/media?parent=7195"}],"curies":[{"name":"wp","href":"https:\/\/api.w.org\/{rel}","templated":true}]}}