{"id":621,"date":"2024-02-01T10:29:49","date_gmt":"2024-02-01T13:29:49","guid":{"rendered":"https:\/\/eurolatinstudies.com\/?page_id=621"},"modified":"2025-10-11T08:35:27","modified_gmt":"2025-10-11T11:35:27","slug":"guidelines-for-authors","status":"publish","type":"page","link":"https:\/\/eurolatinstudies.com\/es\/guidelines-for-authors\/","title":{"rendered":"Directrices para Autores"},"content":{"rendered":"<div data-elementor-type=\"wp-page\" data-elementor-id=\"621\" class=\"elementor elementor-621\" data-elementor-post-type=\"page\">\n\t\t\t\t<div class=\"elementor-element elementor-element-405e3a4 e-flex e-con-boxed e-con e-parent\" data-id=\"405e3a4\" data-element_type=\"container\" data-e-type=\"container\" data-settings=\"{&quot;background_background&quot;:&quot;classic&quot;}\">\n\t\t\t\t\t<div class=\"e-con-inner\">\n\t\t<div class=\"elementor-element elementor-element-878f5f0 e-flex e-con-boxed e-con e-child\" data-id=\"878f5f0\" data-element_type=\"container\" data-e-type=\"container\">\n\t\t\t\t\t<div class=\"e-con-inner\">\n\t\t\t\t<div class=\"elementor-element elementor-element-096b219 elementor-widget elementor-widget-heading\" data-id=\"096b219\" data-element_type=\"widget\" data-e-type=\"widget\" data-widget_type=\"heading.default\">\n\t\t\t\t<div class=\"elementor-widget-container\">\n\t\t\t\t\t<h1 class=\"elementor-heading-title elementor-size-default\">Directrices para Autores<\/h1>\t\t\t\t<\/div>\n\t\t\t\t<\/div>\n\t\t\t\t\t<\/div>\n\t\t\t\t<\/div>\n\t\t\t\t\t<\/div>\n\t\t\t\t<\/div>\n\t\t<div class=\"elementor-element elementor-element-77822271 e-flex e-con-boxed e-con e-parent\" data-id=\"77822271\" data-element_type=\"container\" data-e-type=\"container\" data-settings=\"{&quot;background_background&quot;:&quot;classic&quot;}\">\n\t\t\t\t\t<div class=\"e-con-inner\">\n\t\t<div class=\"elementor-element elementor-element-72ccca33 e-flex e-con-boxed e-con e-child\" data-id=\"72ccca33\" data-element_type=\"container\" data-e-type=\"container\" data-settings=\"{&quot;background_background&quot;:&quot;classic&quot;}\">\n\t\t\t\t\t<div class=\"e-con-inner\">\n\t\t\t\t<div class=\"elementor-element elementor-element-6fc035e elementor-widget elementor-widget-text-editor\" data-id=\"6fc035e\" data-element_type=\"widget\" data-e-type=\"widget\" data-no-translation=\"\" data-widget_type=\"text-editor.default\">\n\t\t\t\t<div class=\"elementor-widget-container\">\n\t\t\t\t\t<style>.elementor-element-6fc035e{display:none !important}<\/style>\t\t\t\t<\/div>\n\t\t\t\t<\/div>\n\t\t\t\t<div class=\"elementor-element elementor-element-f6eae4b elementor-widget elementor-widget-text-editor\" data-id=\"f6eae4b\" data-element_type=\"widget\" data-e-type=\"widget\" data-no-translation=\"\" data-widget_type=\"text-editor.default\">\n\t\t\t\t<div class=\"elementor-widget-container\">\n\t\t\t\t\t<style>.elementor-element-f6eae4b{display:none !important}<\/style>\t\t\t\t<\/div>\n\t\t\t\t<\/div>\n\t\t\t\t<div class=\"elementor-element elementor-element-6dd4c37 elementor-widget elementor-widget-text-editor\" data-id=\"6dd4c37\" data-element_type=\"widget\" data-e-type=\"widget\" data-no-translation=\"\" data-widget_type=\"text-editor.default\">\n\t\t\t\t<div class=\"elementor-widget-container\">\n\t\t\t\t\t\t\t\t\t<h4><strong>Observatorio de Estudios Europeos\u00a0<\/strong><\/h4><p><span style=\"font-weight: 400;\">\u25e6 El Observatorio de Estudios Europeos es un espacio de comunicaci\u00f3n din\u00e1mico y democr\u00e1tico sobre la actualidad y las noticias que rodean a la integraci\u00f3n europea en sus diferentes expresiones y, principalmente, sus impactos y relaciones con Latinoamerica. El Observatorio prioriza la publicaci\u00f3n de noticias, reflexiones sobre el acontecer jur\u00eddico y pol\u00edtico europeo y breves comentarios sobre la jurisprudencia europea que provoquen el inter\u00e9s de la comunidad internacional. El Observatorio tiene como objetivo fomentar la publicaci\u00f3n de experiencias y buenas pr\u00e1cticas en el \u00e1mbito de la integraci\u00f3n regional y europea como un peaje para el desarrollo de los conceptos de cooperaci\u00f3n jur\u00eddica y pol\u00edtica internacional, con el fin de ayudar a los acad\u00e9micos, abogados e interesados latinoamericanos y europeos a mantenerse actualizados sobre los principales acontecimientos en la Uni\u00f3n Europea y en Europa en general, as\u00ed como sus repercusiones externas, especialmente en Latinoamerica.\u00a0<\/span><\/p><p><span style=\"font-weight: 400;\">\u25e6 Reglas para env\u00edo:\u00a0<\/span><\/p><p><span style=\"font-weight: 400;\">\u25aa El Observatorio acepta env\u00edos escritos en ingl\u00e9s, espa\u00f1ol y portugu\u00e9s. \u25aa El Observatorio da prioridad a los textos in\u00e9ditos.<\/span><\/p><p><span style=\"font-weight: 400;\">\u25aa \u00c1reas tem\u00e1ticas:\u00a0<\/span><\/p><ul><li><span style=\"font-weight: 400;\"> Cuestiones y noticias jur\u00eddicas y pol\u00edticas de actualidad relativas a la Uni\u00f3n Europea y a Europa en general en sus diferentes expresiones y\/o sus repercusiones en las relaciones entre Europa y Am\u00e9rica Latina.\u00a0<\/span><\/li><\/ul><p><span style=\"font-weight: 400;\">\u25aa Autor\u00eda:\u00a0<\/span><\/p><ul><li><span style=\"font-weight: 400;\"> Se aceptan textos de acad\u00e9micos, j\u00f3venes investigadores y miembros de la sociedad civil.\u00a0<\/span><\/li><li><span style=\"font-weight: 400;\"> S\u00f3lo se aceptar\u00e1n textos de estudiantes universitarios (de pregrado) en coautor\u00eda con al menos estudiantes de posgrado o profesionales en esa \u00e1rea.\u00a0<\/span><\/li><li><span style=\"font-weight: 400;\"> La coautor\u00eda se limitar\u00e1 a tres autores.\u00a0<\/span><\/li><\/ul><p><span style=\"font-weight: 400;\">\u25aa Tipos de contribuci\u00f3n:\u00a0<\/span><\/p><ul><li><span style=\"font-weight: 400;\"> El Observatorio prioriza la publicaci\u00f3n de noticias, reflexiones relacionadas con la actualidad jur\u00eddica y pol\u00edtica europea. Tambi\u00e9n publica breves comentarios sobre novedades jurisprudenciales europeas que susciten el inter\u00e9s de la comunidad internacional. Textos fuera de estos formatos (publicaciones, conferencias y eventos, convocatoria de ponencias, etc.) pueden ser aceptados excepcionalmente previo an\u00e1lisis.\u00a0<\/span><\/li><\/ul><p><span style=\"font-weight: 400;\">\u25aa Las opiniones expresadas en los textos son de \u00fanica y exclusiva responsabilidad del autor o autores, no representando en modo alguno las posiciones del Centro Latinoamericano de Estudios Europeos.\u00a0<\/span><\/p><p><span style=\"font-weight: 400;\">\u25aa Directrices de redacci\u00f3n:\u00a0<\/span><\/p><ul><li><span style=\"font-weight: 400;\"> Los autores deben enviar una breve biograf\u00eda para su publicaci\u00f3n (hasta 20 palabras por cada autor).\u00a0<\/span><\/li><li><span style=\"font-weight: 400;\"> L\u00edmite de palabras en el texto: 500 &#8211; 1.500 palabras\u00a0<\/span><\/li><li><span style=\"font-weight: 400;\"> Tipo de letra: Times New Roman, tama\u00f1o: 12\u00a0<\/span><\/li><li><span style=\"font-weight: 400;\"> Interlineado: 1,5\u00a0<\/span><\/li><li><span style=\"font-weight: 400;\"> Deben evitarse las citaciones. En caso de extrema necesidad, las citaciones deben indicarse entre par\u00e9ntesis inmediatamente despu\u00e9s de la citacion. No se permiten las notas a pie de p\u00e1gina.<\/span><\/li><li><span style=\"font-weight: 400;\"> Se admiten hiperenlaces, siempre que se incorporen directamente en el texto referenciado.\u00a0<\/span><\/li><\/ul><p><span style=\"font-weight: 400;\">\u25aa Los trabajos deber\u00e1n enviarse a la siguiente direcci\u00f3n de correo electr\u00f3nico: submissions@eurolatinstudies.com<\/span><\/p>\t\t\t\t\t\t\t\t<\/div>\n\t\t\t\t<\/div>\n\t\t\t\t\t<\/div>\n\t\t\t\t<\/div>\n\t\t\t\t\t<\/div>\n\t\t\t\t<\/div>\n\t\t\t\t<\/div>","protected":false},"excerpt":{"rendered":"<p>Guidelines for Authors Observatory On European Studies\u00a0 \u25e6 The Observatory on European Studies is a dynamic and democratic communication environment regarding current affairs and news surrounding the European Integration in all different expressions and mainly its impacts and relations with Latin America.\u00a0 The Observatory prioritizes the publication of news, insights related to legal and political [&hellip;]<\/p>\n","protected":false},"author":4,"featured_media":0,"parent":0,"menu_order":0,"comment_status":"closed","ping_status":"closed","template":"elementor_header_footer","meta":{"_acf_changed":false,"om_disable_all_campaigns":false,"_uf_show_specific_survey":0,"_uf_disable_surveys":false,"footnotes":""},"class_list":["post-621","page","type-page","status-publish","hentry"],"acf":[],"aioseo_notices":[],"post_mailing_queue_ids":[],"_links":{"self":[{"href":"https:\/\/eurolatinstudies.com\/es\/wp-json\/wp\/v2\/pages\/621","targetHints":{"allow":["GET"]}}],"collection":[{"href":"https:\/\/eurolatinstudies.com\/es\/wp-json\/wp\/v2\/pages"}],"about":[{"href":"https:\/\/eurolatinstudies.com\/es\/wp-json\/wp\/v2\/types\/page"}],"author":[{"embeddable":true,"href":"https:\/\/eurolatinstudies.com\/es\/wp-json\/wp\/v2\/users\/4"}],"replies":[{"embeddable":true,"href":"https:\/\/eurolatinstudies.com\/es\/wp-json\/wp\/v2\/comments?post=621"}],"version-history":[{"count":6,"href":"https:\/\/eurolatinstudies.com\/es\/wp-json\/wp\/v2\/pages\/621\/revisions"}],"predecessor-version":[{"id":8168,"href":"https:\/\/eurolatinstudies.com\/es\/wp-json\/wp\/v2\/pages\/621\/revisions\/8168"}],"wp:attachment":[{"href":"https:\/\/eurolatinstudies.com\/es\/wp-json\/wp\/v2\/media?parent=621"}],"curies":[{"name":"wp","href":"https:\/\/api.w.org\/{rel}","templated":true}]}}