{"id":619,"date":"2024-02-01T10:29:34","date_gmt":"2024-02-01T13:29:34","guid":{"rendered":"https:\/\/eurolatinstudies.com\/?page_id=619"},"modified":"2024-04-03T09:50:19","modified_gmt":"2024-04-03T12:50:19","slug":"submissions-observatory","status":"publish","type":"page","link":"https:\/\/eurolatinstudies.com\/es\/submissions-observatory\/","title":{"rendered":"Submissions &#8211; Observatory"},"content":{"rendered":"<div data-elementor-type=\"wp-page\" data-elementor-id=\"619\" class=\"elementor elementor-619\" data-elementor-post-type=\"page\">\n\t\t\t\t<div class=\"elementor-element elementor-element-ac97cdc e-flex e-con-boxed e-con e-parent\" data-id=\"ac97cdc\" data-element_type=\"container\" data-e-type=\"container\" data-settings=\"{&quot;background_background&quot;:&quot;classic&quot;}\">\n\t\t\t\t\t<div class=\"e-con-inner\">\n\t\t<div class=\"elementor-element elementor-element-0f5a2d8 e-flex e-con-boxed e-con e-child\" data-id=\"0f5a2d8\" data-element_type=\"container\" data-e-type=\"container\">\n\t\t\t\t\t<div class=\"e-con-inner\">\n\t\t\t\t<div class=\"elementor-element elementor-element-0427f54 elementor-widget elementor-widget-heading\" data-id=\"0427f54\" data-element_type=\"widget\" data-e-type=\"widget\" data-widget_type=\"heading.default\">\n\t\t\t\t<div class=\"elementor-widget-container\">\n\t\t\t\t\t<h1 class=\"elementor-heading-title elementor-size-default\">Env\u00edos<\/h1>\t\t\t\t<\/div>\n\t\t\t\t<\/div>\n\t\t\t\t\t<\/div>\n\t\t\t\t<\/div>\n\t\t\t\t\t<\/div>\n\t\t\t\t<\/div>\n\t\t<div class=\"elementor-element elementor-element-5fb6f0ef e-flex e-con-boxed e-con e-parent\" data-id=\"5fb6f0ef\" data-element_type=\"container\" data-e-type=\"container\" data-settings=\"{&quot;background_background&quot;:&quot;classic&quot;}\">\n\t\t\t\t\t<div class=\"e-con-inner\">\n\t\t<div class=\"elementor-element elementor-element-5215f138 e-flex e-con-boxed e-con e-child\" data-id=\"5215f138\" data-element_type=\"container\" data-e-type=\"container\" data-settings=\"{&quot;background_background&quot;:&quot;classic&quot;}\">\n\t\t\t\t\t<div class=\"e-con-inner\">\n\t\t\t\t<div class=\"elementor-element elementor-element-64013d3 elementor-widget elementor-widget-text-editor\" data-id=\"64013d3\" data-element_type=\"widget\" data-e-type=\"widget\" data-widget_type=\"text-editor.default\">\n\t\t\t\t<div class=\"elementor-widget-container\">\n\t\t\t\t\t\t\t\t\t<p>El Observatorio de Estudios Europeos es un espacio de comunicaci\u00f3n din\u00e1mico y democr\u00e1tico sobre temas de actualidad y noticias relativas a la integraci\u00f3n europea en sus m\u00e1s diversas facetas y, principalmente, a sus impactos y relaciones con Latinoamerica.<\/p><p>El Observatorio prioriza la publicaci\u00f3n de noticias, apreciaciones relacionadas con el acontecer jur\u00eddico y pol\u00edtico europeo y breves comentarios sobre jurisprudencia europea que generen inter\u00e9s para la comunidad internacional. Tambi\u00e9n busca estimular la difusi\u00f3n de experiencias y buenas pr\u00e1cticas en el \u00e1mbito de la integraci\u00f3n regional y europea, como herramienta importante para el desarrollo de los conceptos de cooperaci\u00f3n jur\u00eddica y pol\u00edtica internacional.<\/p><p>Con ello, buscamos ayudar a los acad\u00e9micos, juristas e interesados latinoamericanos y europeos a mantenerse siempre actualizados sobre los principales acontecimientos relacionados con la Uni\u00f3n Europea y Europa en general, as\u00ed como sus repercusiones m\u00e1s all\u00e1 de las fronteras del continente.<\/p><p><strong>\u00a0<\/strong><strong>\u00a0<\/strong><\/p><p><strong>ENV\u00cdOS<\/strong><\/p><p>Para presentar una publicaci\u00f3n al Observatorio de Estudios Europeos, el autor debe seguir las normas contenidas en las Directrices para autores y enviar el texto a submissions@eurolatinstudies.com.<\/p>\t\t\t\t\t\t\t\t<\/div>\n\t\t\t\t<\/div>\n\t\t\t\t\t<\/div>\n\t\t\t\t<\/div>\n\t\t\t\t\t<\/div>\n\t\t\t\t<\/div>\n\t\t\t\t<\/div>","protected":false},"excerpt":{"rendered":"<p>Submissions The Observatory on European Studies is a dynamic and democratic communication space on current issues and news concerning European integration in its most different facets and, mainly, its impacts and relations with Latin America. The Observatory prioritizes the publication of news, insights related to European legal and political events and brief comments on European [&hellip;]<\/p>\n","protected":false},"author":2,"featured_media":0,"parent":0,"menu_order":0,"comment_status":"closed","ping_status":"closed","template":"elementor_header_footer","meta":{"_acf_changed":false,"om_disable_all_campaigns":false,"_uf_show_specific_survey":0,"_uf_disable_surveys":false,"footnotes":""},"class_list":["post-619","page","type-page","status-publish","hentry"],"acf":[],"aioseo_notices":[],"post_mailing_queue_ids":[],"_links":{"self":[{"href":"https:\/\/eurolatinstudies.com\/es\/wp-json\/wp\/v2\/pages\/619","targetHints":{"allow":["GET"]}}],"collection":[{"href":"https:\/\/eurolatinstudies.com\/es\/wp-json\/wp\/v2\/pages"}],"about":[{"href":"https:\/\/eurolatinstudies.com\/es\/wp-json\/wp\/v2\/types\/page"}],"author":[{"embeddable":true,"href":"https:\/\/eurolatinstudies.com\/es\/wp-json\/wp\/v2\/users\/2"}],"replies":[{"embeddable":true,"href":"https:\/\/eurolatinstudies.com\/es\/wp-json\/wp\/v2\/comments?post=619"}],"version-history":[{"count":0,"href":"https:\/\/eurolatinstudies.com\/es\/wp-json\/wp\/v2\/pages\/619\/revisions"}],"wp:attachment":[{"href":"https:\/\/eurolatinstudies.com\/es\/wp-json\/wp\/v2\/media?parent=619"}],"curies":[{"name":"wp","href":"https:\/\/api.w.org\/{rel}","templated":true}]}}