{"id":551,"date":"2024-02-01T09:14:54","date_gmt":"2024-02-01T12:14:54","guid":{"rendered":"https:\/\/eurolatinstudies.com\/?page_id=551"},"modified":"2024-04-16T11:17:55","modified_gmt":"2024-04-16T14:17:55","slug":"privacy-statement","status":"publish","type":"page","link":"https:\/\/eurolatinstudies.com\/es\/privacy-statement\/","title":{"rendered":"Pol\u00edtica de privacidad"},"content":{"rendered":"<div data-elementor-type=\"wp-page\" data-elementor-id=\"551\" class=\"elementor elementor-551\" data-elementor-post-type=\"page\">\n\t\t\t\t<div class=\"elementor-element elementor-element-8557cc6 e-flex e-con-boxed e-con e-parent\" data-id=\"8557cc6\" data-element_type=\"container\" data-e-type=\"container\" data-settings=\"{&quot;background_background&quot;:&quot;classic&quot;}\">\n\t\t\t\t\t<div class=\"e-con-inner\">\n\t\t<div class=\"elementor-element elementor-element-54dce0a e-flex e-con-boxed e-con e-child\" data-id=\"54dce0a\" data-element_type=\"container\" data-e-type=\"container\">\n\t\t\t\t\t<div class=\"e-con-inner\">\n\t\t\t\t<div class=\"elementor-element elementor-element-2bd1b7f elementor-widget elementor-widget-heading\" data-id=\"2bd1b7f\" data-element_type=\"widget\" data-e-type=\"widget\" data-widget_type=\"heading.default\">\n\t\t\t\t<div class=\"elementor-widget-container\">\n\t\t\t\t\t<h1 class=\"elementor-heading-title elementor-size-default\">Pol\u00edtica de privacidad<\/h1>\t\t\t\t<\/div>\n\t\t\t\t<\/div>\n\t\t\t\t\t<\/div>\n\t\t\t\t<\/div>\n\t\t\t\t\t<\/div>\n\t\t\t\t<\/div>\n\t\t<div class=\"elementor-element elementor-element-7f248f49 e-flex e-con-boxed e-con e-parent\" data-id=\"7f248f49\" data-element_type=\"container\" data-e-type=\"container\" data-settings=\"{&quot;background_background&quot;:&quot;classic&quot;}\">\n\t\t\t\t\t<div class=\"e-con-inner\">\n\t\t<div class=\"elementor-element elementor-element-76d4ef42 e-flex e-con-boxed e-con e-child\" data-id=\"76d4ef42\" data-element_type=\"container\" data-e-type=\"container\" data-settings=\"{&quot;background_background&quot;:&quot;classic&quot;}\">\n\t\t\t\t\t<div class=\"e-con-inner\">\n\t\t\t\t<div class=\"elementor-element elementor-element-5222d49 elementor-widget elementor-widget-text-editor\" data-id=\"5222d49\" data-element_type=\"widget\" data-e-type=\"widget\" data-no-translation=\"\" data-widget_type=\"text-editor.default\">\n\t\t\t\t<div class=\"elementor-widget-container\">\n\t\t\t\t\t<style>.elementor-element-5222d49{display:none !important}<\/style>\t\t\t\t<\/div>\n\t\t\t\t<\/div>\n\t\t\t\t<div class=\"elementor-element elementor-element-c2965d0 elementor-widget elementor-widget-text-editor\" data-id=\"c2965d0\" data-element_type=\"widget\" data-e-type=\"widget\" data-no-translation=\"\" data-widget_type=\"text-editor.default\">\n\t\t\t\t<div class=\"elementor-widget-container\">\n\t\t\t\t\t<style>.elementor-element-c2965d0{display:none !important}<\/style>\t\t\t\t<\/div>\n\t\t\t\t<\/div>\n\t\t\t\t<div class=\"elementor-element elementor-element-b37971f elementor-widget elementor-widget-text-editor\" data-id=\"b37971f\" data-element_type=\"widget\" data-e-type=\"widget\" data-no-translation=\"\" data-widget_type=\"text-editor.default\">\n\t\t\t\t<div class=\"elementor-widget-container\">\n\t\t\t\t\t\t\t\t\t<p><span style=\"font-weight: 400;\">Su privacidad y seguridad son importantes para nosotros. Esta Pol\u00edtica de Privacidad explica c\u00f3mo el Centro Latinoamericano de Estudios Europeos (en adelante &#8220;LACES&#8221;) recoge, utiliza y comparte su informaci\u00f3n personal en relaci\u00f3n con este sitio web y en el desarrollo de sus actividades.\u00a0<\/span><\/p><p><span style=\"font-weight: 400;\">Hacemos constar que en el ejercicio de nuestras actividades s\u00f3lo tratamos los datos personales en la medida en que sean necesarios y adecuados para los fines que fundamentan la colecta, observando siempre las bases legales del tratamiento, incluyendo la Ley General de Protecci\u00f3n de Datos brasile\u00f1a y el Reglamento General de Protecci\u00f3n de Datos. As\u00ed, podremos conservar los datos recogidos para el cumplimiento de obligaci\u00f3n legal o reglamentaria, ejercicio regular de derechos, consentimiento o inter\u00e9s leg\u00edtimo.\u00a0<\/span><\/p><p><span style=\"font-weight: 400;\">\u25e6 Colecta de datos:\u00a0<\/span><\/p><p><span style=\"font-weight: 400;\">\u25aa LACES colecta los datos personales (i) proporcionados a trav\u00e9s de los canales de comunicaci\u00f3n (contacto, suscripci\u00f3n al bolet\u00edn y registro de material); (ii) de los miembros del consejo editorial y (iii) de los colaboradores de LACES, incluidos los revisores. La base jur\u00eddica para el tratamiento es el consentimiento, prestando atenci\u00f3n a los fines para los que se colectaron (por ejemplo, enviar noticias sobre el proyecto, responder a preguntas, solicitar la revisi\u00f3n de un art\u00edculo\/texto, confirmar el env\u00edo satisfactorio de contenidos o solicitar nuevos trabajos a los autores). LACES no vende, reenv\u00eda ni comparte datos personales.\u00a0<\/span><\/p><p><span style=\"font-weight: 400;\">\u25e6 Datos personales disponibles en el sitio web\u00a0<\/span><\/p><p><span style=\"font-weight: 400;\">\u25aa El nombre y la direcci\u00f3n de correo electr\u00f3nico del consejo editorial y de todos los autores de art\u00edculos y materiales puestos a disposici\u00f3n por LACES estar\u00e1n disponibles en el sitio web para permitir la comunicaci\u00f3n cient\u00edfica.\u00a0<\/span><\/p><ul><li><span style=\"font-weight: 400;\"> No se permite la recopilaci\u00f3n de estos contactos para uso comercial;<\/span><\/li><li><span style=\"font-weight: 400;\"> LACES no enviar\u00e1 correos electr\u00f3nicos no solicitados a los escritores, a menos que esto concierna directamente al art\u00edculo que publicaron;\u00a0<\/span><\/li><li><span style=\"font-weight: 400;\"> LACES se reserva el derecho a revelar datos personales si as\u00ed lo exige la ley, o de buena fe y en la creencia de que dicha acci\u00f3n es razonablemente necesaria para cumplir con el proceso legal, responder a quejas o proteger los derechos, propiedad o seguridad de los miembros de LACES.\u00a0<\/span><\/li><\/ul><p><span style=\"font-weight: 400;\">\u25e6 Contenido\u00a0<\/span><\/p><p><span style=\"font-weight: 400;\">\u25aa Los contenidos extra\u00eddos del sitio deben ser necesariamente referenciados cuando se utilicen en citas directas o indirectas.\u00a0<\/span><\/p><p><span style=\"font-weight: 400;\">\u25e6 Usuarios del sitio web\u00a0<\/span><\/p><p><span style=\"font-weight: 400;\">\u25aa LACES conceder\u00e1 a los colaboradores, escritores y revisores de art\u00edculos, usuarios en el sitio web para llevar a cabo las actividades solicitadas. El usuario se compromete a utilizar el acceso concedido \u00fanicamente para las actividades solicitadas por LACES. La contrase\u00f1a del usuario es secreta, siendo consciente de que esta credencial de acceso es de uso exclusivo, personal e intransferible.\u00a0<\/span><\/p><p><span style=\"font-weight: 400;\">\u25e6 Cookies\u00a0<\/span><\/p><p><span style=\"font-weight: 400;\">\u25aa Podemos utilizar cookies para almacenar informaci\u00f3n, como las preferencias personales del usuario cuando visita nuestro sitio web. No obstante, el usuario tiene la posibilidad de desactivar las cookies en las opciones de su navegador o modificando las herramientas del programa antivirus. Sin embargo, esto puede cambiar la forma en que usted interact\u00faa con nuestro sitio web.\u00a0<\/span><\/p><p><span style=\"font-weight: 400;\">\u25e6 Enlaces externos\u00a0<\/span><\/p><p><span style=\"font-weight: 400;\">\u25aa El sitio puede contener enlaces a otros sitios en Internet, redirigi\u00e9ndole a otro dominio. Estos sitios externos no operar\u00e1n bajo esta Pol\u00edtica de Privacidad, por lo que deber\u00e1 leer las declaraciones de privacidad de dichos sitios. LACES no tiene ninguna responsabilidad derivada de las actividades de tratamiento de datos y contenidos de los sitios de terceros, con los que pueda tener enlaces.\u00a0<\/span><\/p><p><span style=\"font-weight: 400;\">\u25e6 Conservaci\u00f3n de datos\u00a0<\/span><\/p><p><span style=\"font-weight: 400;\">\u25aa LACES conservar\u00e1 los datos personales mientras dure el proyecto. Todos los datos colectados ser\u00e1n eliminados de nuestros servidores cuando el titular as\u00ed lo solicite,<\/span><\/p><p><span style=\"font-weight: 400;\">mediante un procedimiento gratuito y facilitado, salvo en caso de cumplimiento de una obligaci\u00f3n legal o reglamentaria.\u00a0<\/span><\/p><p><span style=\"font-weight: 400;\">\u25e6 Derechos del usuario\u00a0<\/span><\/p><p><span style=\"font-weight: 400;\">\u25aa La Ley General de Protecci\u00f3n de Datos brasile\u00f1a prev\u00e9 una serie de derechos para el usuario (en este caso, los autores y otros usuarios), que pueden ser reclamados ante el responsable del procesamiento (en este caso, LACES) siempre que se cumplan las condiciones legales. Vea a continuaci\u00f3n cu\u00e1les son estos derechos y condiciones.\u00a0<\/span><\/p><ul><li><span style=\"font-weight: 400;\"> Confirmaci\u00f3n de la existencia de procesamiento de datos\u00a0<\/span><\/li><\/ul><p><span style=\"font-weight: 400;\">\u25e6 El responsable del procesamiento debe informar, a petici\u00f3n expresa del usuario, si trata o no los datos personales del solicitante.\u00a0<\/span><\/p><ul><li><span style=\"font-weight: 400;\"> Acceso a los datos personales procesados\u00a0<\/span><\/li><\/ul><p><span style=\"font-weight: 400;\">\u25e6 El responsable del procesamiento deber\u00e1 informar, a petici\u00f3n expresa del usuario, qu\u00e9 datos personales del solicitante son objeto de procesamiento.\u00a0<\/span><\/p><ul><li><span style=\"font-weight: 400;\"> Integridad de los datos personales procesados\u00a0<\/span><\/li><\/ul><p><span style=\"font-weight: 400;\">\u25e6 Cuando se compruebe la existencia de datos incompletos, inexactos o no actualizados de sus datos personales tratados por el responsable del procesamiento, el usuario podr\u00e1, previa solicitud expresa, exigir la rectificaci\u00f3n de los mismos.\u00a0<\/span><\/p><ul><li><span style=\"font-weight: 400;\"> Oposici\u00f3n al procesamiento de datos innecesarios o excesivos\u00a0<\/span><\/li><\/ul><p><span style=\"font-weight: 400;\">\u25e6 El responsable del procesamiento s\u00f3lo debe tratar los datos necesarios para alcanzar los fines del procesamiento o declarados al usuario. Por ello, al comprobar que el responsable del procesamiento est\u00e1 realizando el procesamiento (incluido el almacenamiento) de datos innecesarios o excesivos, el usuario podr\u00e1, previa solicitud expresa, exigir la anonimizaci\u00f3n, el bloqueo o la supresi\u00f3n de estos datos.\u00a0<\/span><\/p><ul><li><span style=\"font-weight: 400;\"> Portabilidad de los datos personales\u00a0<\/span><\/li><\/ul><p><span style=\"font-weight: 400;\">\u25e6 El usuario puede solicitar que sus datos procesados por el responsable del procesamiento sean transferidos a otro responsable.\u00a0<\/span><\/p><ul><li><span style=\"font-weight: 400;\"> Eliminaci\u00f3n de datos procesados<\/span><\/li><\/ul><p><span style=\"font-weight: 400;\">\u25e6 El usuario puede exigir, previa solicitud expresa, la eliminaci\u00f3n de sus datos personales, a menos que estos datos hayan sido transferidos regularmente a terceros o est\u00e9n siendo tratados por el responsable del procesamiento s\u00f3lo de forma an\u00f3nima.\u00a0<\/span><\/p><ul><li><span style=\"font-weight: 400;\"> Informaci\u00f3n sobre el intercambio de datos personales\u00a0<\/span><\/li><\/ul><p><span style=\"font-weight: 400;\">\u25e6 El responsable del procesamiento debe informar, a petici\u00f3n expresa del interesado, con qu\u00e9 socios comparte los datos personales del solicitante.\u00a0<\/span><\/p><ul><li><span style=\"font-weight: 400;\"> Informaci\u00f3n sobre la posibilidad de no dar el consentimiento\u00a0<\/span><\/li><\/ul><p><span style=\"font-weight: 400;\">\u25e6 El usuario no est\u00e1 obligado a dar su consentimiento para el procesamiento de sus datos personales. No obstante, cuando tome la decisi\u00f3n de no dar su consentimiento, se informar\u00e1 al usuario de las consecuencias de esta decisi\u00f3n.\u00a0<\/span><\/p><ul><li><span style=\"font-weight: 400;\"> Revocaci\u00f3n del consentimiento\u00a0<\/span><\/li><\/ul><p><span style=\"font-weight: 400;\">\u25e6 El usuario podr\u00e1 revocar, en cualquier momento, previa manifestaci\u00f3n expresa, a trav\u00e9s de un procedimiento sencillo y gratuito, el consentimiento prestado para el procesamiento espec\u00edfico de sus datos personales. En este caso, el responsable del procesamiento deber\u00e1 interrumpir el procesamiento objeto de la revocaci\u00f3n, salvo que exista otra base legal que justifique el mantenimiento del procedimiento.\u00a0<\/span><\/p><ul><li><span style=\"font-weight: 400;\"> Oposici\u00f3n a un procesamiento irregular\u00a0<\/span><\/li><\/ul><p><span style=\"font-weight: 400;\">\u25e6 Si el usuario sospecha que no se cumple la legislaci\u00f3n de protecci\u00f3n de datos, puede cuestionar el procesamiento realizado por el responsable del procesamiento, aunque la base jur\u00eddica de dicho procesamiento no sea \u00fanicamente el consentimiento. En este caso, el responsable del procesamiento no est\u00e1 obligado a interrumpir inmediatamente el procesamiento cuestionado, sino que debe aclarar al interesado su licitud.\u00a0<\/span><\/p><ul><li><span style=\"font-weight: 400;\"> Petici\u00f3n a la autoridad de control\u00a0<\/span><\/li><\/ul><p><span style=\"font-weight: 400;\">\u25e6 El interesado tendr\u00e1 derecho a presentar una petici\u00f3n en relaci\u00f3n con sus datos contra el responsable del procesamiento ante la Autoridad Nacional de Datos &#8211; ANPD &#8211; cuando est\u00e9 efectivamente constituida &#8211; o ante las agencias de protecci\u00f3n del consumidor.\u00a0<\/span><\/p><p><span style=\"font-weight: 400;\">\u25e6 Ejercicio de derechos por parte de los usuarios<\/span><\/p><p><span style=\"font-weight: 400;\">\u25aa Puede ejercer sus derechos como usuario enviando un correo electr\u00f3nico a <\/span><span style=\"font-weight: 400;\">coordination@eurolatinstudies.com<\/span><span style=\"font-weight: 400;\">.\u00a0<\/span><\/p><p><span style=\"font-weight: 400;\">\u25e6 Contacto\u00a0<\/span><\/p><p><span style=\"font-weight: 400;\">\u25aa En caso de dudas o preguntas sobre esta Pol\u00edtica de Privacidad y sobre el procesamiento de datos personales en el desarrollo de las actividades de LACES, es aconsejable enviar un correo electr\u00f3nico a <\/span><span style=\"font-weight: 400;\">p<\/span><span style=\"font-weight: 400;\">rivacy@eurolatinstudies.com<\/span><span style=\"font-weight: 400;\">.\u00a0<\/span><\/p><p><span style=\"font-weight: 400;\">\u25e6 Modificaciones\u00a0<\/span><\/p><p><span style=\"font-weight: 400;\">\u25aa Esta Pol\u00edtica puede ser modificada en cualquier momento, por lo que es muy importante que acceda a ella peri\u00f3dicamente. Para facilitarlo, indicamos a continuaci\u00f3n la fecha de la \u00faltima actualizaci\u00f3n.\u00a0<\/span><\/p><p><span style=\"font-weight: 400;\">\u25aa Actualizado el 11 de diciembre de 2020\u00a0<\/span><\/p>\t\t\t\t\t\t\t\t<\/div>\n\t\t\t\t<\/div>\n\t\t\t\t\t<\/div>\n\t\t\t\t<\/div>\n\t\t\t\t\t<\/div>\n\t\t\t\t<\/div>\n\t\t\t\t<\/div>","protected":false},"excerpt":{"rendered":"<p>Privacy Statement Your privacy and security are important to us. This Privacy Policy explains how the Latin American Center of European Studies (hereinafter referred to as \u201cLACES\u201d) collects, uses, and shares your personal information in connection with this website and in the performance of its activities.\u00a0 We note that in the exercise of our activities [&hellip;]<\/p>\n","protected":false},"author":2,"featured_media":0,"parent":0,"menu_order":0,"comment_status":"closed","ping_status":"closed","template":"elementor_header_footer","meta":{"_acf_changed":false,"om_disable_all_campaigns":false,"_uf_show_specific_survey":0,"_uf_disable_surveys":false,"footnotes":""},"class_list":["post-551","page","type-page","status-publish","hentry"],"acf":[],"aioseo_notices":[],"post_mailing_queue_ids":[],"_links":{"self":[{"href":"https:\/\/eurolatinstudies.com\/es\/wp-json\/wp\/v2\/pages\/551","targetHints":{"allow":["GET"]}}],"collection":[{"href":"https:\/\/eurolatinstudies.com\/es\/wp-json\/wp\/v2\/pages"}],"about":[{"href":"https:\/\/eurolatinstudies.com\/es\/wp-json\/wp\/v2\/types\/page"}],"author":[{"embeddable":true,"href":"https:\/\/eurolatinstudies.com\/es\/wp-json\/wp\/v2\/users\/2"}],"replies":[{"embeddable":true,"href":"https:\/\/eurolatinstudies.com\/es\/wp-json\/wp\/v2\/comments?post=551"}],"version-history":[{"count":6,"href":"https:\/\/eurolatinstudies.com\/es\/wp-json\/wp\/v2\/pages\/551\/revisions"}],"predecessor-version":[{"id":5651,"href":"https:\/\/eurolatinstudies.com\/es\/wp-json\/wp\/v2\/pages\/551\/revisions\/5651"}],"wp:attachment":[{"href":"https:\/\/eurolatinstudies.com\/es\/wp-json\/wp\/v2\/media?parent=551"}],"curies":[{"name":"wp","href":"https:\/\/api.w.org\/{rel}","templated":true}]}}