{"id":3078,"date":"2024-02-23T09:19:06","date_gmt":"2024-02-23T12:19:06","guid":{"rendered":"https:\/\/eurolatinstudies.com\/?page_id=3078"},"modified":"2026-01-09T09:11:44","modified_gmt":"2026-01-09T12:11:44","slug":"open-for-submission","status":"publish","type":"page","link":"https:\/\/eurolatinstudies.com\/es\/open-for-submission\/","title":{"rendered":"Abierto para presentaci\u00f3n"},"content":{"rendered":"<div data-elementor-type=\"wp-page\" data-elementor-id=\"3078\" class=\"elementor elementor-3078\" data-elementor-post-type=\"page\">\n\t\t\t\t<div class=\"elementor-element elementor-element-baf4104 e-flex e-con-boxed e-con e-parent\" data-id=\"baf4104\" data-element_type=\"container\" data-e-type=\"container\" data-settings=\"{&quot;background_background&quot;:&quot;classic&quot;}\">\n\t\t\t\t\t<div class=\"e-con-inner\">\n\t\t\t\t<div class=\"elementor-element elementor-element-86ef8d3 elementor-widget elementor-widget-heading\" data-id=\"86ef8d3\" data-element_type=\"widget\" data-e-type=\"widget\" data-widget_type=\"heading.default\">\n\t\t\t\t<div class=\"elementor-widget-container\">\n\t\t\t\t\t<h2 class=\"elementor-heading-title elementor-size-default\">Abierto para presentaci\u00f3n<\/h2>\t\t\t\t<\/div>\n\t\t\t\t<\/div>\n\t\t\t\t\t<\/div>\n\t\t\t\t<\/div>\n\t\t<div class=\"elementor-element elementor-element-0c80e9f e-con-full e-flex e-con e-child\" data-id=\"0c80e9f\" data-element_type=\"container\" data-e-type=\"container\">\n\t\t<div class=\"elementor-element elementor-element-24e7632 e-flex e-con-boxed e-con e-child\" data-id=\"24e7632\" data-element_type=\"container\" data-e-type=\"container\">\n\t\t\t\t\t<div class=\"e-con-inner\">\n\t\t<div class=\"elementor-element elementor-element-6cdbcf6 e-con-full e-flex e-con e-child\" data-id=\"6cdbcf6\" data-element_type=\"container\" data-e-type=\"container\">\n\t\t\t\t<div class=\"elementor-element elementor-element-9f4a8dd elementor-widget elementor-widget-image\" data-id=\"9f4a8dd\" data-element_type=\"widget\" data-e-type=\"widget\" data-widget_type=\"image.default\">\n\t\t\t\t<div class=\"elementor-widget-container\">\n\t\t\t\t\t\t\t\t\t\t\t\t\t\t\t<img fetchpriority=\"high\" decoding=\"async\" width=\"712\" height=\"1024\" src=\"https:\/\/b3581203.smushcdn.com\/3581203\/wp-content\/uploads\/2026\/01\/Capa-712x1024.jpg?lossy=0&strip=1&webp=1\" class=\"attachment-large size-large wp-image-9835\" alt=\"\" srcset=\"https:\/\/b3581203.smushcdn.com\/3581203\/wp-content\/uploads\/2026\/01\/Capa-712x1024.jpg?lossy=0&strip=1&webp=1 712w, https:\/\/b3581203.smushcdn.com\/3581203\/wp-content\/uploads\/2026\/01\/Capa-209x300.jpg?lossy=0&strip=1&webp=1 209w, https:\/\/b3581203.smushcdn.com\/3581203\/wp-content\/uploads\/2026\/01\/Capa-768x1104.jpg?lossy=0&strip=1&webp=1 768w, https:\/\/b3581203.smushcdn.com\/3581203\/wp-content\/uploads\/2026\/01\/Capa-1068x1536.jpg?lossy=0&strip=1&webp=1 1068w, https:\/\/b3581203.smushcdn.com\/3581203\/wp-content\/uploads\/2026\/01\/Capa-1425x2048.jpg?lossy=0&strip=1&webp=1 1425w, https:\/\/b3581203.smushcdn.com\/3581203\/wp-content\/uploads\/2026\/01\/Capa-8x12.jpg?lossy=0&strip=1&webp=1 8w, https:\/\/b3581203.smushcdn.com\/3581203\/wp-content\/uploads\/2026\/01\/Capa.jpg?lossy=0&strip=1&webp=1 1781w, https:\/\/b3581203.smushcdn.com\/3581203\/wp-content\/uploads\/2026\/01\/Capa.jpg?size=320x460&lossy=0&strip=1&webp=1 320w, https:\/\/b3581203.smushcdn.com\/3581203\/wp-content\/uploads\/2026\/01\/Capa.jpg?size=480x690&lossy=0&strip=1&webp=1 480w, https:\/\/b3581203.smushcdn.com\/3581203\/wp-content\/uploads\/2026\/01\/Capa.jpg?size=640x920&lossy=0&strip=1&webp=1 640w\" sizes=\"(max-width: 712px) 100vw, 712px\" \/>\t\t\t\t\t\t\t\t\t\t\t\t\t\t\t<\/div>\n\t\t\t\t<\/div>\n\t\t\t\t<\/div>\n\t\t<div class=\"elementor-element elementor-element-94df8ee e-flex e-con-boxed e-con e-child\" data-id=\"94df8ee\" data-element_type=\"container\" data-e-type=\"container\">\n\t\t\t\t\t<div class=\"e-con-inner\">\n\t\t\t\t<div class=\"elementor-element elementor-element-0d1cee0 elementor-widget elementor-widget-text-editor\" data-id=\"0d1cee0\" data-element_type=\"widget\" data-e-type=\"widget\" data-widget_type=\"text-editor.default\">\n\t\t\t\t<div class=\"elementor-widget-container\">\n\t\t\t\t\t\t\t\t\t<h2>Vol. 6 No. 1 (2026)<\/h2><div class=\"description\"><p>El Latin American Journal of European Studies (ISSN 2763-8685) es una publicaci\u00f3n del Latin American Center of European Studies, actualmente apoyada por el Proyecto Jean Monnet Network Policy Debate \"BRIDGE Watch\" con financiamiento del Programa Erasmus + de la Comisi\u00f3n Europea. Centr\u00e1ndose en l\u00edneas editoriales <em>Derecho y Pol\u00edticas de la Uni\u00f3n Europea y Relaciones Internacionales de la Uni\u00f3n Europea con terceros pa\u00edses y Am\u00e9rica Latina<\/em>, la und\u00e9cima edici\u00f3n de la Revista tambi\u00e9n cuenta con un dossier tem\u00e1tico sobre \u201c<em>Comercio libre y justo para econom\u00edas inclusivas\u201d <\/em>organizado por Nuno Cunha Rodrigues de la Universidad de Lisboa, (Portugal). La convocatoria de la und\u00e9cima edici\u00f3n de la Revista ya se encuentra abierta y los interesados pueden enviar sus ponencias hasta el 1 de mayo de 2026.<\/p><\/div>\t\t\t\t\t\t\t\t<\/div>\n\t\t\t\t<\/div>\n\t\t\t\t\t<\/div>\n\t\t\t\t<\/div>\n\t\t\t\t\t<\/div>\n\t\t\t\t<\/div>\n\t\t\t\t<\/div>\n\t\t<div class=\"elementor-element elementor-element-4afdc30 e-flex e-con-boxed e-con e-child\" data-id=\"4afdc30\" data-element_type=\"container\" data-e-type=\"container\" data-settings=\"{&quot;background_background&quot;:&quot;classic&quot;}\">\n\t\t\t\t\t<div class=\"e-con-inner\">\n\t\t<div class=\"elementor-element elementor-element-3cf3847 e-flex e-con-boxed e-con e-child\" data-id=\"3cf3847\" data-element_type=\"container\" data-e-type=\"container\">\n\t\t\t\t\t<div class=\"e-con-inner\">\n\t\t<div class=\"elementor-element elementor-element-c655950 e-flex e-con-boxed e-con e-child\" data-id=\"c655950\" data-element_type=\"container\" data-e-type=\"container\">\n\t\t\t\t\t<div class=\"e-con-inner\">\n\t\t\t\t<div class=\"elementor-element elementor-element-406e721 elementor-widget__width-inherit elementor-widget elementor-widget-heading\" data-id=\"406e721\" data-element_type=\"widget\" data-e-type=\"widget\" data-widget_type=\"heading.default\">\n\t\t\t\t<div class=\"elementor-widget-container\">\n\t\t\t\t\t<h2 class=\"elementor-heading-title elementor-size-default\">Ver todas las ediciones anteriores<\/h2>\t\t\t\t<\/div>\n\t\t\t\t<\/div>\n\t\t\t\t\t<\/div>\n\t\t\t\t<\/div>\n\t\t<div class=\"elementor-element elementor-element-913bd9c e-con-full e-flex e-con e-child\" data-id=\"913bd9c\" data-element_type=\"container\" data-e-type=\"container\">\n\t\t\t\t<div class=\"elementor-element elementor-element-95c7061 elementor-align-justify elementor-widget elementor-widget-button\" data-id=\"95c7061\" data-element_type=\"widget\" data-e-type=\"widget\" data-widget_type=\"button.default\">\n\t\t\t\t<div class=\"elementor-widget-container\">\n\t\t\t\t\t\t\t\t\t<div class=\"elementor-button-wrapper\">\n\t\t\t\t\t<a class=\"elementor-button elementor-button-link elementor-size-sm elementor-animation-grow\" href=\"https:\/\/eurolatinstudies.com\/es\/past-editions\/\">\n\t\t\t\t\t\t<span class=\"elementor-button-content-wrapper\">\n\t\t\t\t\t\t\t\t\t<span class=\"elementor-button-text\">M\u00e1s informaci\u00f3n<\/span>\n\t\t\t\t\t<\/span>\n\t\t\t\t\t<\/a>\n\t\t\t\t<\/div>\n\t\t\t\t\t\t\t\t<\/div>\n\t\t\t\t<\/div>\n\t\t\t\t<\/div>\n\t\t\t\t\t<\/div>\n\t\t\t\t<\/div>\n\t\t\t\t\t<\/div>\n\t\t\t\t<\/div>\n\t\t\t\t<\/div>","protected":false},"excerpt":{"rendered":"<p>OPEN FOR SUBMISSION Vol. 6 No. 1 (2026) The Latin American Journal of European Studies (ISSN 2763-8685) is a publication of the Latin American Center of European Studies, currently supported by the Jean Monnet Network Policy Debate &#8220;BRIDGE Watch&#8221; project with funding from the Erasmus + Programme of the European Commission. With a focus on [&hellip;]<\/p>\n","protected":false},"author":2,"featured_media":0,"parent":0,"menu_order":0,"comment_status":"closed","ping_status":"closed","template":"elementor_header_footer","meta":{"_acf_changed":false,"om_disable_all_campaigns":false,"_uf_show_specific_survey":0,"_uf_disable_surveys":false,"footnotes":""},"class_list":["post-3078","page","type-page","status-publish","hentry"],"acf":[],"aioseo_notices":[],"post_mailing_queue_ids":[],"_links":{"self":[{"href":"https:\/\/eurolatinstudies.com\/es\/wp-json\/wp\/v2\/pages\/3078","targetHints":{"allow":["GET"]}}],"collection":[{"href":"https:\/\/eurolatinstudies.com\/es\/wp-json\/wp\/v2\/pages"}],"about":[{"href":"https:\/\/eurolatinstudies.com\/es\/wp-json\/wp\/v2\/types\/page"}],"author":[{"embeddable":true,"href":"https:\/\/eurolatinstudies.com\/es\/wp-json\/wp\/v2\/users\/2"}],"replies":[{"embeddable":true,"href":"https:\/\/eurolatinstudies.com\/es\/wp-json\/wp\/v2\/comments?post=3078"}],"version-history":[{"count":27,"href":"https:\/\/eurolatinstudies.com\/es\/wp-json\/wp\/v2\/pages\/3078\/revisions"}],"predecessor-version":[{"id":9838,"href":"https:\/\/eurolatinstudies.com\/es\/wp-json\/wp\/v2\/pages\/3078\/revisions\/9838"}],"wp:attachment":[{"href":"https:\/\/eurolatinstudies.com\/es\/wp-json\/wp\/v2\/media?parent=3078"}],"curies":[{"name":"wp","href":"https:\/\/api.w.org\/{rel}","templated":true}]}}