{"id":7195,"date":"2025-02-14T07:32:13","date_gmt":"2025-02-14T10:32:13","guid":{"rendered":"https:\/\/eurolatinstudies.com\/?page_id=7195"},"modified":"2026-01-09T17:07:00","modified_gmt":"2026-01-09T20:07:00","slug":"training-courses","status":"publish","type":"page","link":"https:\/\/eurolatinstudies.com\/en\/training-courses\/","title":{"rendered":"Training Courses"},"content":{"rendered":"\t\t<div data-elementor-type=\"wp-page\" data-elementor-id=\"7195\" class=\"elementor elementor-7195\" data-elementor-post-type=\"page\">\n\t\t\t\t<div class=\"elementor-element elementor-element-2f71eeb e-flex e-con-boxed e-con e-parent\" data-id=\"2f71eeb\" data-element_type=\"container\" data-e-type=\"container\" data-settings=\"{&quot;background_background&quot;:&quot;classic&quot;}\">\n\t\t\t\t\t<div class=\"e-con-inner\">\n\t\t\t\t<div class=\"elementor-element elementor-element-f46e10d elementor-widget elementor-widget-heading\" data-id=\"f46e10d\" data-element_type=\"widget\" data-e-type=\"widget\" data-widget_type=\"heading.default\">\n\t\t\t\t<div class=\"elementor-widget-container\">\n\t\t\t\t\t<h2 class=\"elementor-heading-title elementor-size-default\">Training Courses<\/h2>\t\t\t\t<\/div>\n\t\t\t\t<\/div>\n\t\t\t\t<div class=\"elementor-element elementor-element-78d6062 elementor-widget elementor-widget-text-editor\" data-id=\"78d6062\" data-element_type=\"widget\" data-e-type=\"widget\" data-widget_type=\"text-editor.default\">\n\t\t\t\t<div class=\"elementor-widget-container\">\n\t\t\t\t\t\t\t\t\t<p>Check out all the free courses available by clicking below<\/p>\t\t\t\t\t\t\t\t<\/div>\n\t\t\t\t<\/div>\n\t\t\t\t\t<\/div>\n\t\t\t\t<\/div>\n\t\t<div class=\"elementor-element elementor-element-fd07a5a e-flex e-con-boxed e-con e-parent\" data-id=\"fd07a5a\" data-element_type=\"container\" data-e-type=\"container\">\n\t\t\t\t\t<div class=\"e-con-inner\">\n\t\t\t\t<div class=\"elementor-element elementor-element-9f221fd elementor-widget elementor-widget-text-editor\" data-id=\"9f221fd\" data-element_type=\"widget\" data-e-type=\"widget\" data-widget_type=\"text-editor.default\">\n\t\t\t\t<div class=\"elementor-widget-container\">\n\t\t\t\t\t\t\t\t\t<p><span style=\"font-weight: 400;\">The training courses initiative, launched under the auspices of the Jean Monnet Network Bridge Project (2020\u20132023), has played a pivotal role in advancing the professional development of employees and stakeholders from prominent Latin American institutions. These include Brazil&#8217;s <\/span><i><span style=\"font-weight: 400;\">Defensoria P\u00fablica da Uni\u00e3o<\/span><\/i><span style=\"font-weight: 400;\">, Mexico&#8217;s <\/span><i><span style=\"font-weight: 400;\">Comisi\u00f3n Nacional de los Derechos Humanos<\/span><\/i><span style=\"font-weight: 400;\">, and a consortium of Colombian military and educational institutions, such as the <\/span><i><span style=\"font-weight: 400;\">Escuela Militar de Cadetes General Jos\u00e9 Mar\u00eda C\u00f3rdova<\/span><\/i><span style=\"font-weight: 400;\">, <\/span><i><span style=\"font-weight: 400;\">Universidad Militar Nueva Granada<\/span><\/i><span style=\"font-weight: 400;\">, and the <\/span><i><span style=\"font-weight: 400;\">Armada Nacional de Colombia<\/span><\/i><span style=\"font-weight: 400;\">.<\/span><\/p><p><span style=\"font-weight: 400;\">Building on this solid foundation, the Jean Monnet Network Policy Debate Bridge Watch Project periodically introduces new editions of a specially tailored course, <\/span><i><span style=\"font-weight: 400;\">Globalizing European Union Values and Democracy<\/span><\/i><span style=\"font-weight: 400;\">.<\/span><\/p><p><span style=\"font-weight: 400;\">These courses are designed for jurists, diplomats, academics, stakeholders, and public officials. Initially delivered in person, the lectures are subsequently recorded and made available on this website free of charge. This innovative approach aims to foster the teaching and dissemination of Latin American and European law, particularly emphasizing the indispensable role of the rule of law in strengthening democratic governance.<\/span><\/p>\t\t\t\t\t\t\t\t<\/div>\n\t\t\t\t<\/div>\n\t\t\t\t\t<\/div>\n\t\t\t\t<\/div>\n\t\t<div class=\"elementor-element elementor-element-554e548 e-flex e-con-boxed e-con e-parent\" data-id=\"554e548\" data-element_type=\"container\" data-e-type=\"container\">\n\t\t\t\t\t<div class=\"e-con-inner\">\n\t\t<div class=\"elementor-element elementor-element-bc1256b e-flex e-con-boxed e-con e-child\" data-id=\"bc1256b\" data-element_type=\"container\" data-e-type=\"container\">\n\t\t\t\t\t<div class=\"e-con-inner\">\n\t\t\t\t<div class=\"elementor-element elementor-element-5023e05 elementor-widget elementor-widget-heading\" data-id=\"5023e05\" data-element_type=\"widget\" data-e-type=\"widget\" data-widget_type=\"heading.default\">\n\t\t\t\t<div class=\"elementor-widget-container\">\n\t\t\t\t\t<h2 class=\"elementor-heading-title elementor-size-default\">Globalizing EU Values and Democracy<\/h2>\t\t\t\t<\/div>\n\t\t\t\t<\/div>\n\t\t\t\t<div class=\"elementor-element elementor-element-4a4bc1f elementor-widget elementor-widget-text-editor\" data-id=\"4a4bc1f\" data-element_type=\"widget\" data-e-type=\"widget\" data-widget_type=\"text-editor.default\">\n\t\t\t\t<div class=\"elementor-widget-container\">\n\t\t\t\t\t\t\t\t\t<p><span style=\"font-weight: 400;\">This training course, part of the Bridge Watch initiative, explores European Union values and their relevance to democracy-building efforts in Latin America. Designed for jurists, diplomats, scholars, and public officials, the course fosters knowledge exchange between regions, addressing pressing topics such as the rule of law, digital transformation, and sustainable development. Each of the three modules focuses on a specific theme:\u00a0\u00a0<\/span><\/p><ol><li><span style=\"font-weight: 400;\"> Democracy Building in Latin America<\/span><\/li><li><span style=\"font-weight: 400;\"> Digital Transformation and Innovative Solutions\u00a0<\/span><\/li><li><span style=\"font-weight: 400;\"> Green Transitions and Sustainable Societies<\/span><\/li><\/ol><p><span style=\"font-weight: 400;\">Courses are delivered in person, recorded, and made freely accessible online. The recordings are in progress and will be made available throughout the project&#8217;s duration. This initiative underscores the importance of shared values in strengthening democratic governance and fostering international collaboration.\u00a0\u00a0<\/span><\/p><p>The first two modules of the course are already available and can be accessed for free here.<\/p>\t\t\t\t\t\t\t\t<\/div>\n\t\t\t\t<\/div>\n\t\t\t\t\t<\/div>\n\t\t\t\t<\/div>\n\t\t<div class=\"elementor-element elementor-element-ea82ba5 e-con-full e-flex e-con e-child\" data-id=\"ea82ba5\" data-element_type=\"container\" data-e-type=\"container\">\n\t\t\t\t<div class=\"elementor-element elementor-element-75db5bc elementor-widget elementor-widget-video\" data-id=\"75db5bc\" data-element_type=\"widget\" data-e-type=\"widget\" data-settings=\"{&quot;youtube_url&quot;:&quot;https:\\\/\\\/youtu.be\\\/7yyea_KTe6A&quot;,&quot;video_type&quot;:&quot;youtube&quot;,&quot;controls&quot;:&quot;yes&quot;}\" data-widget_type=\"video.default\">\n\t\t\t\t<div class=\"elementor-widget-container\">\n\t\t\t\t\t\t\t<div class=\"elementor-wrapper elementor-open-inline\">\n\t\t\t<div class=\"elementor-video\"><\/div>\t\t<\/div>\n\t\t\t\t\t\t<\/div>\n\t\t\t\t<\/div>\n\t\t\t\t<div class=\"elementor-element elementor-element-6b5d08f elementor-widget elementor-widget-button\" data-id=\"6b5d08f\" data-element_type=\"widget\" data-e-type=\"widget\" data-widget_type=\"button.default\">\n\t\t\t\t<div class=\"elementor-widget-container\">\n\t\t\t\t\t\t\t\t\t<div class=\"elementor-button-wrapper\">\n\t\t\t\t\t<a class=\"elementor-button elementor-button-link elementor-size-sm\" href=\"https:\/\/eurolatinstudies.com\/en\/globalizing-eu-values-and-democracy\/\">\n\t\t\t\t\t\t<span class=\"elementor-button-content-wrapper\">\n\t\t\t\t\t\t\t\t\t<span class=\"elementor-button-text\">More Details<\/span>\n\t\t\t\t\t<\/span>\n\t\t\t\t\t<\/a>\n\t\t\t\t<\/div>\n\t\t\t\t\t\t\t\t<\/div>\n\t\t\t\t<\/div>\n\t\t\t\t<\/div>\n\t\t\t\t\t<\/div>\n\t\t\t\t<\/div>\n\t\t<div class=\"elementor-element elementor-element-de06137 e-flex e-con-boxed e-con e-parent\" data-id=\"de06137\" data-element_type=\"container\" data-e-type=\"container\">\n\t\t\t\t\t<div class=\"e-con-inner\">\n\t\t<div class=\"elementor-element elementor-element-39310db e-flex e-con-boxed e-con e-child\" data-id=\"39310db\" data-element_type=\"container\" data-e-type=\"container\">\n\t\t\t\t\t<div class=\"e-con-inner\">\n\t\t\t\t<div class=\"elementor-element elementor-element-e84c9a1 elementor-widget elementor-widget-heading\" data-id=\"e84c9a1\" data-element_type=\"widget\" data-e-type=\"widget\" data-widget_type=\"heading.default\">\n\t\t\t\t<div class=\"elementor-widget-container\">\n\t\t\t\t\t<h2 class=\"elementor-heading-title elementor-size-default\">The European Union\u2019s regional integration process and its impact on the provision of legal assistance in Latin America<\/h2>\t\t\t\t<\/div>\n\t\t\t\t<\/div>\n\t\t\t\t<div class=\"elementor-element elementor-element-fe28a85 elementor-widget elementor-widget-text-editor\" data-id=\"fe28a85\" data-element_type=\"widget\" data-e-type=\"widget\" data-widget_type=\"text-editor.default\">\n\t\t\t\t<div class=\"elementor-widget-container\">\n\t\t\t\t\t\t\t\t\t<p><span style=\"font-weight: 400;\">The Training Course \u201cThe European Union\u2019s Regional Integration Process and its Impact on the provision of legal assistance in Latin America\u201d \u200b\u200bwas offered by the Jean Monnet Network \u2013 BRIDGE project (2020-2023), co-founded by the European Union\u2019s Erasmus+ program and the Latin American Center of European Studies (LACES).<\/span><\/p><p><span style=\"font-weight: 400;\">This course, which is available free of charge and online, aims to give public agents and operators of law and international relations a greater understanding of how the European Union\u2019s regional integration process relates to Latin America. It considers the complex legal issues involved and, in particular, their impact on legal assistance provided by Latin American countries\u200b.<\/span><\/p><p><span style=\"font-weight: 400;\">The course was taught by Latin American and European professors who were partners of the BRIDGE project in Portuguese and Spanish (always with translation in the subtitles of the video) and is divided into seven classes. The course was recorded in October 2021.<\/span><\/p>\t\t\t\t\t\t\t\t<\/div>\n\t\t\t\t<\/div>\n\t\t\t\t\t<\/div>\n\t\t\t\t<\/div>\n\t\t<div class=\"elementor-element elementor-element-bcd09fa e-flex e-con-boxed e-con e-child\" data-id=\"bcd09fa\" data-element_type=\"container\" data-e-type=\"container\">\n\t\t\t\t\t<div class=\"e-con-inner\">\n\t\t\t\t<div class=\"elementor-element elementor-element-6a2db28 elementor-widget elementor-widget-video\" data-id=\"6a2db28\" data-element_type=\"widget\" data-e-type=\"widget\" data-settings=\"{&quot;youtube_url&quot;:&quot;https:\\\/\\\/youtu.be\\\/LuCpouUnQcI&quot;,&quot;video_type&quot;:&quot;youtube&quot;,&quot;controls&quot;:&quot;yes&quot;}\" data-widget_type=\"video.default\">\n\t\t\t\t<div class=\"elementor-widget-container\">\n\t\t\t\t\t\t\t<div class=\"elementor-wrapper elementor-open-inline\">\n\t\t\t<div class=\"elementor-video\"><\/div>\t\t<\/div>\n\t\t\t\t\t\t<\/div>\n\t\t\t\t<\/div>\n\t\t\t\t<div class=\"elementor-element elementor-element-91ac1f0 elementor-widget elementor-widget-button\" data-id=\"91ac1f0\" data-element_type=\"widget\" data-e-type=\"widget\" data-widget_type=\"button.default\">\n\t\t\t\t<div class=\"elementor-widget-container\">\n\t\t\t\t\t\t\t\t\t<div class=\"elementor-button-wrapper\">\n\t\t\t\t\t<a class=\"elementor-button elementor-button-link elementor-size-sm\" href=\"https:\/\/eurolatinstudies.com\/online-training-course\/\">\n\t\t\t\t\t\t<span class=\"elementor-button-content-wrapper\">\n\t\t\t\t\t\t\t\t\t<span class=\"elementor-button-text\">More Details<\/span>\n\t\t\t\t\t<\/span>\n\t\t\t\t\t<\/a>\n\t\t\t\t<\/div>\n\t\t\t\t\t\t\t\t<\/div>\n\t\t\t\t<\/div>\n\t\t\t\t\t<\/div>\n\t\t\t\t<\/div>\n\t\t\t\t\t<\/div>\n\t\t\t\t<\/div>\n\t\t<div class=\"elementor-element elementor-element-a06518a e-flex e-con-boxed e-con e-parent\" data-id=\"a06518a\" data-element_type=\"container\" data-e-type=\"container\">\n\t\t\t\t\t<div class=\"e-con-inner\">\n\t\t<div class=\"elementor-element elementor-element-0859f99 e-flex e-con-boxed e-con e-child\" data-id=\"0859f99\" data-element_type=\"container\" data-e-type=\"container\">\n\t\t\t\t\t<div class=\"e-con-inner\">\n\t\t\t\t<div class=\"elementor-element elementor-element-2e9ab94 elementor-widget elementor-widget-heading\" data-id=\"2e9ab94\" data-element_type=\"widget\" data-e-type=\"widget\" data-widget_type=\"heading.default\">\n\t\t\t\t<div class=\"elementor-widget-container\">\n\t\t\t\t\t<h2 class=\"elementor-heading-title elementor-size-default\">Democracy and the Rule of Law in the European Union and Latin\nAmerica<\/h2>\t\t\t\t<\/div>\n\t\t\t\t<\/div>\n\t\t\t\t<div class=\"elementor-element elementor-element-ef8c59d elementor-widget elementor-widget-heading\" data-id=\"ef8c59d\" data-element_type=\"widget\" data-e-type=\"widget\" data-no-translation=\"\" data-widget_type=\"heading.default\">\n\t\t\t\t<div class=\"elementor-widget-container\">\n\t\t\t\t\t<style>.elementor-element-ef8c59d{display:none !important}<\/style>\t\t\t\t<\/div>\n\t\t\t\t<\/div>\n\t\t\t\t<div class=\"elementor-element elementor-element-85892e8 elementor-widget elementor-widget-heading\" data-id=\"85892e8\" data-element_type=\"widget\" data-e-type=\"widget\" data-no-translation=\"\" data-widget_type=\"heading.default\">\n\t\t\t\t<div class=\"elementor-widget-container\">\n\t\t\t\t\t<style>.elementor-element-85892e8{display:none !important}<\/style>\t\t\t\t<\/div>\n\t\t\t\t<\/div>\n\t\t\t\t<div class=\"elementor-element elementor-element-e78dad1 elementor-widget elementor-widget-text-editor\" data-id=\"e78dad1\" data-element_type=\"widget\" data-e-type=\"widget\" data-no-translation=\"\" data-widget_type=\"text-editor.default\">\n\t\t\t\t<div class=\"elementor-widget-container\">\n\t\t\t\t\t\t\t\t\t<p>The Advanced Learning Course \u201cDemocracy and the Rule of Law in the European Union and Latin America\u201d (WP9), hosted by the University of Chile and the Economic Commission for Latin America and the Caribbean (ECLAC), is offered within the framework of the BRIDGE Watch Project as a specialized training initiative for jurists, diplomats, academics, public officials, and civil society stakeholders across the region.<\/p><p>Structured into six thematic modules, the course combines the findings and key recommendations of the BRIDGE Watch Report 2024 (WP3) with in-depth discussions on\u00a0the foundations of democracy and the rule of law in Latin America, as well as on the<br \/>challenges posed by digital transformation to fundamental rights, electoral processes,\u00a0political participation, digital markets, and regulatory governance, in a comparative EU\u2013Latin American perspective.<\/p><p>By integrating research results with policy-oriented debate, the course seeks to strengthen institutional capacities, promote the dissemination of European and Latin American law, and<br \/>foster dialogue and exchanges of best practices between both regions, reinforcing the central role of the rule of law in democratic consolidation.<\/p>\t\t\t\t\t\t\t\t<\/div>\n\t\t\t\t<\/div>\n\t\t\t\t<div class=\"elementor-element elementor-element-d0a5280 elementor-widget elementor-widget-text-editor\" data-id=\"d0a5280\" data-element_type=\"widget\" data-e-type=\"widget\" data-no-translation=\"\" data-widget_type=\"text-editor.default\">\n\t\t\t\t<div class=\"elementor-widget-container\">\n\t\t\t\t\t<style>.elementor-element-d0a5280{display:none !important}<\/style>\t\t\t\t<\/div>\n\t\t\t\t<\/div>\n\t\t\t\t<div class=\"elementor-element elementor-element-375c2ca elementor-widget elementor-widget-text-editor\" data-id=\"375c2ca\" data-element_type=\"widget\" data-e-type=\"widget\" data-no-translation=\"\" data-widget_type=\"text-editor.default\">\n\t\t\t\t<div class=\"elementor-widget-container\">\n\t\t\t\t\t<style>.elementor-element-375c2ca{display:none !important}<\/style>\t\t\t\t<\/div>\n\t\t\t\t<\/div>\n\t\t\t\t\t<\/div>\n\t\t\t\t<\/div>\n\t\t<div class=\"elementor-element elementor-element-e3f932e e-flex e-con-boxed e-con e-child\" data-id=\"e3f932e\" data-element_type=\"container\" data-e-type=\"container\">\n\t\t\t\t\t<div class=\"e-con-inner\">\n\t\t\t\t<div class=\"elementor-element elementor-element-36445e0 elementor-widget elementor-widget-video\" data-id=\"36445e0\" data-element_type=\"widget\" data-e-type=\"widget\" data-settings=\"{&quot;youtube_url&quot;:&quot;https:\\\/\\\/youtu.be\\\/lta8drqaGMU&quot;,&quot;video_type&quot;:&quot;youtube&quot;,&quot;controls&quot;:&quot;yes&quot;}\" data-widget_type=\"video.default\">\n\t\t\t\t<div class=\"elementor-widget-container\">\n\t\t\t\t\t\t\t<div class=\"elementor-wrapper elementor-open-inline\">\n\t\t\t<div class=\"elementor-video\"><\/div>\t\t<\/div>\n\t\t\t\t\t\t<\/div>\n\t\t\t\t<\/div>\n\t\t\t\t<div class=\"elementor-element elementor-element-ca9c1e3 elementor-widget elementor-widget-button\" data-id=\"ca9c1e3\" data-element_type=\"widget\" data-e-type=\"widget\" data-widget_type=\"button.default\">\n\t\t\t\t<div class=\"elementor-widget-container\">\n\t\t\t\t\t\t\t\t\t<div class=\"elementor-button-wrapper\">\n\t\t\t\t\t<a class=\"elementor-button elementor-button-link elementor-size-sm\" href=\"https:\/\/eurolatinstudies.com\/en\/democracy-and-the-rule-of-law-in-the-european-union-and-latin-america\/\">\n\t\t\t\t\t\t<span class=\"elementor-button-content-wrapper\">\n\t\t\t\t\t\t\t\t\t<span class=\"elementor-button-text\">More Details<\/span>\n\t\t\t\t\t<\/span>\n\t\t\t\t\t<\/a>\n\t\t\t\t<\/div>\n\t\t\t\t\t\t\t\t<\/div>\n\t\t\t\t<\/div>\n\t\t\t\t\t<\/div>\n\t\t\t\t<\/div>\n\t\t\t\t\t<\/div>\n\t\t\t\t<\/div>\n\t\t\t\t<\/div>\n\t\t","protected":false},"excerpt":{"rendered":"<p>Training Courses Check out all the free courses available by clicking below The training courses initiative, launched under the auspices of the Jean Monnet Network Bridge Project (2020\u20132023), has played a pivotal role in advancing the professional development of employees and stakeholders from prominent Latin American institutions. These include Brazil&#8217;s Defensoria P\u00fablica da Uni\u00e3o, Mexico&#8217;s [&hellip;]<\/p>\n","protected":false},"author":2,"featured_media":0,"parent":0,"menu_order":0,"comment_status":"closed","ping_status":"closed","template":"elementor_header_footer","meta":{"_acf_changed":false,"om_disable_all_campaigns":false,"_uf_show_specific_survey":0,"_uf_disable_surveys":false,"footnotes":""},"class_list":["post-7195","page","type-page","status-publish","hentry"],"acf":[],"aioseo_notices":[],"post_mailing_queue_ids":[],"_links":{"self":[{"href":"https:\/\/eurolatinstudies.com\/en\/wp-json\/wp\/v2\/pages\/7195","targetHints":{"allow":["GET"]}}],"collection":[{"href":"https:\/\/eurolatinstudies.com\/en\/wp-json\/wp\/v2\/pages"}],"about":[{"href":"https:\/\/eurolatinstudies.com\/en\/wp-json\/wp\/v2\/types\/page"}],"author":[{"embeddable":true,"href":"https:\/\/eurolatinstudies.com\/en\/wp-json\/wp\/v2\/users\/2"}],"replies":[{"embeddable":true,"href":"https:\/\/eurolatinstudies.com\/en\/wp-json\/wp\/v2\/comments?post=7195"}],"version-history":[{"count":26,"href":"https:\/\/eurolatinstudies.com\/en\/wp-json\/wp\/v2\/pages\/7195\/revisions"}],"predecessor-version":[{"id":9861,"href":"https:\/\/eurolatinstudies.com\/en\/wp-json\/wp\/v2\/pages\/7195\/revisions\/9861"}],"wp:attachment":[{"href":"https:\/\/eurolatinstudies.com\/en\/wp-json\/wp\/v2\/media?parent=7195"}],"curies":[{"name":"wp","href":"https:\/\/api.w.org\/{rel}","templated":true}]}}