{"id":519,"date":"2024-02-01T08:24:41","date_gmt":"2024-02-01T11:24:41","guid":{"rendered":"https:\/\/eurolatinstudies.com\/?page_id=519"},"modified":"2026-03-19T17:38:20","modified_gmt":"2026-03-19T20:38:20","slug":"about-laces","status":"publish","type":"page","link":"https:\/\/eurolatinstudies.com\/en\/about-laces\/","title":{"rendered":"About LACES"},"content":{"rendered":"\t\t<div data-elementor-type=\"wp-page\" data-elementor-id=\"519\" class=\"elementor elementor-519\" data-elementor-post-type=\"page\">\n\t\t\t\t<div class=\"elementor-element elementor-element-5f59e68 e-flex e-con-boxed e-con e-parent\" data-id=\"5f59e68\" data-element_type=\"container\" data-e-type=\"container\" data-settings=\"{&quot;background_background&quot;:&quot;classic&quot;}\">\n\t\t\t\t\t<div class=\"e-con-inner\">\n\t\t<div class=\"elementor-element elementor-element-362aaae e-flex e-con-boxed e-con e-child\" data-id=\"362aaae\" data-element_type=\"container\" data-e-type=\"container\">\n\t\t\t\t\t<div class=\"e-con-inner\">\n\t\t\t\t<div class=\"elementor-element elementor-element-e7eb2d1 elementor-widget elementor-widget-heading\" data-id=\"e7eb2d1\" data-element_type=\"widget\" data-e-type=\"widget\" data-widget_type=\"heading.default\">\n\t\t\t\t<div class=\"elementor-widget-container\">\n\t\t\t\t\t<h1 class=\"elementor-heading-title elementor-size-default\">About LACES<\/h1>\t\t\t\t<\/div>\n\t\t\t\t<\/div>\n\t\t\t\t\t<\/div>\n\t\t\t\t<\/div>\n\t\t\t\t\t<\/div>\n\t\t\t\t<\/div>\n\t\t<div class=\"elementor-element elementor-element-3c44b4c e-con-full e-flex e-con e-parent\" data-id=\"3c44b4c\" data-element_type=\"container\" data-e-type=\"container\" data-settings=\"{&quot;background_background&quot;:&quot;classic&quot;}\">\n\t\t<div class=\"elementor-element elementor-element-460f76d e-flex e-con-boxed e-con e-child\" data-id=\"460f76d\" data-element_type=\"container\" data-e-type=\"container\" data-settings=\"{&quot;background_background&quot;:&quot;classic&quot;}\">\n\t\t\t\t\t<div class=\"e-con-inner\">\n\t\t\t\t<div class=\"elementor-element elementor-element-6ce492a elementor-widget elementor-widget-image\" data-id=\"6ce492a\" data-element_type=\"widget\" data-e-type=\"widget\" data-widget_type=\"image.default\">\n\t\t\t\t<div class=\"elementor-widget-container\">\n\t\t\t\t\t\t\t\t\t\t\t\t\t\t\t<img fetchpriority=\"high\" decoding=\"async\" width=\"600\" height=\"300\" src=\"https:\/\/b3581203.smushcdn.com\/3581203\/wp-content\/uploads\/2024\/01\/Prancheta-1.jpg?lossy=0&strip=1&webp=1\" class=\"attachment-full size-full wp-image-429\" alt=\"\" srcset=\"https:\/\/b3581203.smushcdn.com\/3581203\/wp-content\/uploads\/2024\/01\/Prancheta-1.jpg?lossy=0&strip=1&webp=1 600w, https:\/\/b3581203.smushcdn.com\/3581203\/wp-content\/uploads\/2024\/01\/Prancheta-1-300x150.jpg?lossy=0&strip=1&webp=1 300w, https:\/\/b3581203.smushcdn.com\/3581203\/wp-content\/uploads\/2024\/01\/Prancheta-1.jpg?size=160x80&lossy=0&strip=1&webp=1 160w, https:\/\/b3581203.smushcdn.com\/3581203\/wp-content\/uploads\/2024\/01\/Prancheta-1.jpg?size=480x240&lossy=0&strip=1&webp=1 480w\" sizes=\"(max-width: 600px) 100vw, 600px\" \/>\t\t\t\t\t\t\t\t\t\t\t\t\t\t\t<\/div>\n\t\t\t\t<\/div>\n\t\t\t\t<div class=\"elementor-element elementor-element-55f4551 elementor-widget elementor-widget-text-editor\" data-id=\"55f4551\" data-element_type=\"widget\" data-e-type=\"widget\" data-widget_type=\"text-editor.default\">\n\t\t\t\t<div class=\"elementor-widget-container\">\n\t\t\t\t\t\t\t\t\t<p>The Latin American Center of European Studies (LACES) is composed by Latin American and European academics, lawyers and stakeholders, LACES aims to promote reflection on European and regional law in its international, comparative and historical dimension, under a critical and interdisciplinary bias, as well as to foster academic and institutional cooperation between the two continents.<br \/>All the activities carried out by the LACES are based on three lines of research, which are:<\/p><p><strong>1) European Union Law<\/strong><br \/>The current line of research aims at analyzing European Union Law and its homeland and foreign policies, by a both synchronous and diachronic perspective, the legal international cooperation with non-EU countries, especially in relation with Latin American, as well as the issues related to the incidence of the integration process in the law of member states.<\/p><p><strong>2) European Law and regional legal harmonization<\/strong><br \/>Is aims at analyzing issues such interchange of legal models between European and Latin American countries, specially trough judicial dialogue, also by projects and processes of regional legal harmonization, and themes related to juridic translation and law multilingualism that can serve as good practices for other regions.<\/p><p><strong>3) Promotion and protection of Human Rights<\/strong><br \/>It envisions to study and to deepen the theme related to the promotion and protection of human rights from a regional comparation perspective between European and Latin American systems, in addition to the Charter of Fundamental Rights of the European Union.<br \/>Among the activities carried out, the following are highlighted:<br \/>&#8211; Bringing together scholars from both continents;<br \/>&#8211; Coordinate the edition and publication of the Latin American Journal of European Studies;<br \/>&#8211; Coordinate the Observatory on European Studies;<br \/>&#8211; Hold events with visibility for civil society, as well as meetings aimed at the academic community;<br \/>&#8211; Promote academic and higher education, as well as institutional and professional training.<br \/>&#8211; Act, as amicus curiae, before national and international judicial bodies, where appropriate.<\/p>\t\t\t\t\t\t\t\t<\/div>\n\t\t\t\t<\/div>\n\t\t<div class=\"elementor-element elementor-element-31a79a6 e-flex e-con-boxed e-con e-child\" data-id=\"31a79a6\" data-element_type=\"container\" data-e-type=\"container\">\n\t\t\t\t\t<div class=\"e-con-inner\">\n\t\t\t\t<div class=\"elementor-element elementor-element-8c34557 elementor-widget elementor-widget-heading\" data-id=\"8c34557\" data-element_type=\"widget\" data-e-type=\"widget\" data-widget_type=\"heading.default\">\n\t\t\t\t<div class=\"elementor-widget-container\">\n\t\t\t\t\t<h2 class=\"elementor-heading-title elementor-size-default\">Directors<\/h2>\t\t\t\t<\/div>\n\t\t\t\t<\/div>\n\t\t<div class=\"elementor-element elementor-element-6f68f20 e-flex e-con-boxed e-con e-child\" data-id=\"6f68f20\" data-element_type=\"container\" data-e-type=\"container\">\n\t\t\t\t\t<div class=\"e-con-inner\">\n\t\t\t\t<div class=\"elementor-element elementor-element-7e271eb elementor-widget elementor-widget-text-editor\" data-id=\"7e271eb\" data-element_type=\"widget\" data-e-type=\"widget\" data-widget_type=\"text-editor.default\">\n\t\t\t\t<div class=\"elementor-widget-container\">\n\t\t\t\t\t\t\t\t\t<ul><li>Aline Beltrame de Moura (Universidade Federal de Santa Catarina, Brazil)<\/li><\/ul>\t\t\t\t\t\t\t\t<\/div>\n\t\t\t\t<\/div>\n\t\t\t\t<div class=\"elementor-element elementor-element-af15456 elementor-widget elementor-widget-text-editor\" data-id=\"af15456\" data-element_type=\"widget\" data-e-type=\"widget\" data-widget_type=\"text-editor.default\">\n\t\t\t\t<div class=\"elementor-widget-container\">\n\t\t\t\t\t\t\t\t\t<ul><li>Naiara Posenato (Universit\u00e0 degli Studi di Milano, Italy)<\/li><\/ul>\t\t\t\t\t\t\t\t<\/div>\n\t\t\t\t<\/div>\n\t\t\t\t\t<\/div>\n\t\t\t\t<\/div>\n\t\t\t\t\t<\/div>\n\t\t\t\t<\/div>\n\t\t<div class=\"elementor-element elementor-element-7d4d8f5 e-con-full e-flex e-con e-child\" data-id=\"7d4d8f5\" data-element_type=\"container\" data-e-type=\"container\">\n\t\t\t\t<div class=\"elementor-element elementor-element-3d6dd82 elementor-widget elementor-widget-heading\" data-id=\"3d6dd82\" data-element_type=\"widget\" data-e-type=\"widget\" data-widget_type=\"heading.default\">\n\t\t\t\t<div class=\"elementor-widget-container\">\n\t\t\t\t\t<h2 class=\"elementor-heading-title elementor-size-default\">Members<\/h2>\t\t\t\t<\/div>\n\t\t\t\t<\/div>\n\t\t<div class=\"elementor-element elementor-element-dc2d573 e-flex e-con-boxed e-con e-child\" data-id=\"dc2d573\" data-element_type=\"container\" data-e-type=\"container\">\n\t\t\t\t\t<div class=\"e-con-inner\">\n\t\t\t\t<div class=\"elementor-element elementor-element-4c397b5 elementor-widget elementor-widget-text-editor\" data-id=\"4c397b5\" data-element_type=\"widget\" data-e-type=\"widget\" data-widget_type=\"text-editor.default\">\n\t\t\t\t<div class=\"elementor-widget-container\">\n\t\t\t\t\t\t\t\t\t<ul><li>Airton Ribeiro da Silva Jr. (Universidade Federal do Amap\u00e1, Brazil)<\/li><li>Alejandro Perotti (Universidad Austral, Argentina)<\/li><li>Alessandra Lang (Universit\u00e0 degli Studi di Milano, Italy)<\/li><li>Alice Rocha (Centro Universit\u00e1rio de Bras\u00edlia, Brazil)<\/li><li>\u00c1ngeles Lara Aguado (Universidad de Granada, Spain)<\/li><li>\u00c1ngeles Rodr\u00edguez V\u00e1zquez (Universidad de Sevilla, Spain)<\/li><li>Anita Mattes (Universit\u00e0 degli Studi di Milano Bicocca, Italy)<\/li><li>Antonia Dur\u00e1n Ayago (Universidad de Salamanca, Spain)<\/li><li>Augusto Jaeger Jr. (Universidade Federal do Rio Grande do Sul, Brazil)<\/li><li>Beatriz Campuzano D\u00edaz (Universidad de Sevilla, Spain)<\/li><li>Boris Wilson Arias L\u00f3pes (Universidad Mayor de San Andres, Bolivia &#8211; UMSA)<\/li><li>Caetano Correa (Universidade Federal de Santa Catarina, Brazil)<\/li><li>Carlos Molina Del Pozo (Universidad de Alcal\u00e1, Spain)<\/li><li>Casilda Rueda Fernand\u00e9z (Universidad de Sevilla, Spain)<\/li><li>C\u00e1ssio Eduardo Zen (Faculdade de Pinhais, Brazil)<\/li><li>Cesar Villegas Delgado (Universidad de Sevilla, Spain)<\/li><li>Cecilia Celeste Danesi (Pontifical University of Salamanca, Spain)<\/li><li>Clarissa Franzoi Dri (Universidade Federal de Santa Catarina, Brazil)<\/li><li>Cristiane Derani (Universidade Federal de Santa Catarina, Brazil)<\/li><li>Danilo Garcia (Universidad Central del Ecuador)<\/li><li>Diego Nunes (Universidade Federal de Santa Catarina, Brazil)<\/li><li>Elisa Chiaretto (Universit\u00e0 degli Studi di Padova, Italy)<\/li><li>Elizabeth Accioly (Universidade Europeia de Lisboa, Portugal)<\/li><li>Ena Carnero Arroyo (Universidad Nacional de Trujillo, Peru)<\/li><li>Eulalia W. Petit de Gabriel (Universidad de Sevilla, Spain)<\/li><li>Fabiola Zibetti (Universidad de Chile)<\/li><li>Fernanda Vieira Kotzias (CARF, Minist\u00e9rio da Economia, Brazil)<\/li><li>Fernando Bordin (Cambridge University, United Kingdom)<\/li><li>Gabriela Teresita Mastaglia (Universidad Cat\u00f3lica Argentina, Argentina)<\/li><li>Gilmar Antonio Bedin (Universidade Regional Do Noroeste do Estado do Rio Grande do Sul, Brazil)<\/li><li>Giulia Vallar (Universit\u00e0 degli Studi di Milano, Italy)<\/li><li>Henrique Carlos de Castro (Universidade Federal do Rio Grande do Sul, Brazil)<\/li><li>Ignacio Herrera Anchustegui (University of Bergen, Norway)<\/li><li>Iliana Rodriguez Santiba\u00f1ez (Universidad Nacional Aut\u00f3noma de M\u00e9xico, Mexico)<\/li><li>Jacobo Ramirez (Copenhagen Business School, Denmark)<\/li><li>Jacopo Re (Universit\u00e0 degli Studi di Milano, Italy)<\/li><li>Jahyr Bichara (Universidade Federal do Rio Grande do Norte, Brazil)<\/li><li>Jamile Mata Diz (Universidade Federal de Minas Gerais, Brazil)<\/li><li>Joana Stelzer (Universidade Federal de Santa Catarina, Brazil)<\/li><li>Jorge Fontoura (Instituto Rio Branco, Brazil)<\/li><li>Juan Carlos Vel\u00e1zquez Elizarrar\u00e1s (Universidad Nacional Aut\u00f3noma de M\u00e9xico, Mexico)<\/li><li>Julia Motte Baumvel (Universit\u00e9 de Paris, France)<\/li><li>Kostis Margaritis (Hellenic Open University, Greece)<\/li><\/ul>\t\t\t\t\t\t\t\t<\/div>\n\t\t\t\t<\/div>\n\t\t\t\t<div class=\"elementor-element elementor-element-2513b16 elementor-widget elementor-widget-text-editor\" data-id=\"2513b16\" data-element_type=\"widget\" data-e-type=\"widget\" data-widget_type=\"text-editor.default\">\n\t\t\t\t<div class=\"elementor-widget-container\">\n\t\t\t\t\t\t\t\t\t<ul><li>Larissa Ramina (Universidade Federal do Paran\u00e1, Brazil)<\/li><li>Leila Devia (Universidad de Buenos Aires, Argentina)<\/li><li>Liliana Bertoni (Universidad de Buenos Aires, Argentina\/Parlamento do Mercosul)<\/li><li>Liziane Paix\u00e3o (Centro Universit\u00e1rio de Bras\u00edlia, Brazil)<\/li><li>Lucas Carlos Lima (Universidade Federal de Minas Gerais, Brazil)<\/li><li>Luigi Fumagalli (Universit\u00e0 degli Studi di Milano, Italy)<\/li><li>Luis Benavides (Universidad Nacional Aut\u00f3noma de M\u00e9xico, Mexico)<\/li><li>Manuel Becerra-Ram\u00edrez (Universidad Nacional Autonoma de Mexico, Mexico)<\/li><li>Marco Ant\u00f4nio C\u00e9sar Villatore (Universidade Federal de Santa Catarina, Brazil)<\/li><li>Marco Citeli (Interreg Europe, Belgium)<\/li><li>Mar\u00eda \u00c1ngeles Rodr\u00edguez V\u00e1zquez (Universidad de Sevilla, Spain)<\/li><li>Mar\u00eda \u00c1ngeles S\u00e1nchez Jim\u00e9nez (Universidad de Murcia, Spain)<\/li><li>Maria Cezilene Ara\u00fajo de Morais (Universidade estadual da Paran\u00e1, Brazil)<\/li><li>Mariana Clara de Andrade (Univerist\u00e0 de Milano-Bicocca, Italy)<\/li><li>Mariana Scholz (Universidade Federal do Amap\u00e1, Brazil)<\/li><li>Mario Torres (Pontifical University of Salamanca)<\/li><li>Maristela Basso (Universidade de S\u00e3o Paulo, Brazil)<\/li><li>Marta Pachocka (University of Warsaw, Polony)<\/li><li>Martina Rojo (Universidad del Salvador)<\/li><li>Nuno Cunha Rodrigues (Universidade de Lisboa, Portugal)<\/li><li>Pablo Guerra (Universidad de la Rep\u00fablica, Uruguay)<\/li><li>Paolo Palchetti (Universit\u00e9 Paris 1, Panth\u00e9on\/Sorbonne, France)<\/li><li>Patr\u00edcia Grazziotin Noschang (Universidade de Passo Fundo, Brazil)<\/li><li>Paulo Potiara (Complexo de Ensino Superior de Santa Catarina, Brazil)<\/li><li>Roberta Clerici (Universit\u00e0 degli Studi di Milano, Italy)<\/li><li>Roberto Jes\u00fas Ruiz D\u00edaz Labrano (Universidad Nacional de Asunci\u00f3n, Paraguay \u2013 UMA)<\/li><li>Roberto Virzo (Universit\u00e0 degli Studi del Sannio, Italy)<\/li><li>Rui Dias (Universidade de Coimbra, Portugal)<\/li><li>Rui Guerra da Fonseca (Constitutional Court of Portugal, Portugal)<\/li><li>Sandra Negro (Universidad de Buenos Aires, Argentina)<\/li><li>Silvana Winckler (Universidade Comunit\u00e1ria da Regi\u00e3o de Chapec\u00f3, Brazil)<\/li><li>Tarin Cristino Mont&#8217;Alverne (Universidade Federal do Cear\u00e1, Brazil)<\/li><li>Thiago Moreira (Universidade Federal do Rio Grande do Norte, Brazil)<\/li><li>Virginia Georgieva (Universidad Nacional Aut\u00f3noma de M\u00e9xico, Mexico)<\/li><li>Walter Ar\u00e9valo (Universidad de Rosario, Colombia)<\/li><\/ul>\t\t\t\t\t\t\t\t<\/div>\n\t\t\t\t<\/div>\n\t\t\t\t\t<\/div>\n\t\t\t\t<\/div>\n\t\t\t\t<\/div>\n\t\t<div class=\"elementor-element elementor-element-4357b1a e-flex e-con-boxed e-con e-child\" data-id=\"4357b1a\" data-element_type=\"container\" data-e-type=\"container\">\n\t\t\t\t\t<div class=\"e-con-inner\">\n\t\t\t\t<div class=\"elementor-element elementor-element-5193b8c elementor-widget elementor-widget-heading\" data-id=\"5193b8c\" data-element_type=\"widget\" data-e-type=\"widget\" data-widget_type=\"heading.default\">\n\t\t\t\t<div class=\"elementor-widget-container\">\n\t\t\t\t\t<h2 class=\"elementor-heading-title elementor-size-default\">Young Researchers<\/h2>\t\t\t\t<\/div>\n\t\t\t\t<\/div>\n\t\t<div class=\"elementor-element elementor-element-8a6fdb3 e-flex e-con-boxed e-con e-child\" data-id=\"8a6fdb3\" data-element_type=\"container\" data-e-type=\"container\">\n\t\t\t\t\t<div class=\"e-con-inner\">\n\t\t\t\t<div class=\"elementor-element elementor-element-4534d73 elementor-widget elementor-widget-text-editor\" data-id=\"4534d73\" data-element_type=\"widget\" data-e-type=\"widget\" data-widget_type=\"text-editor.default\">\n\t\t\t\t<div class=\"elementor-widget-container\">\n\t\t\t\t\t\t\t\t\t<ul><li>Adrian Amaral (2020-2021)<\/li><li>Alexandre Zaporoszenko Cavazzani (2020-2022)<\/li><li>Alisson Guilherme Zeferino (2020-2023)<\/li><li>Antonio Jes\u00fas Calzado Llamas (2020-atualmente)<\/li><li>Arthur Fernando Canuto (2025-atualmente)<\/li><li>Beatriz de Lima Garcia Joaquim (2025-atualmente)<\/li><li>Byron Pires van der Brum (2025-atualmente)<\/li><li>Bettina Gomes Omizzolo (2020-2021)<\/li><li>Camila Segovia Rodr\u00edguez (2020-2024)<\/li><li>Carla Lerin (2020-Atualmente)<\/li><li>Carolina Attuati (2021-atualmente)<\/li><li>Fellipe Leal (2024-atualmente)<\/li><li>Gabriel de Amorim Costa Miodownik (2025-atualmente)<\/li><li>Gabriel Henrique Ceron Trevisol (2020-2021)<\/li><li>Gabriel Konzen (2024-2024)<\/li><li>Guilherme Domingos Wodtke (2021-2023)<\/li><li>Isabella Gelain Zerbielli (2025-atualmente)<\/li><\/ul>\t\t\t\t\t\t\t\t<\/div>\n\t\t\t\t<\/div>\n\t\t\t\t<div class=\"elementor-element elementor-element-7b1f5f6 elementor-widget elementor-widget-text-editor\" data-id=\"7b1f5f6\" data-element_type=\"widget\" data-e-type=\"widget\" data-widget_type=\"text-editor.default\">\n\t\t\t\t<div class=\"elementor-widget-container\">\n\t\t\t\t\t\t\t\t\t<ul><li>Let\u00edcia Mulinari Gnoatton (2020-2021)<\/li><li>Luciana Stephani Silva Locca (2020-atualmente)<\/li><li>Luna Rocha Dantas (2020-2021)<\/li><li>Manuela Bunn (2022-2025)<\/li><li>Maria Eduarda de Souza (2023-2024)<\/li><li>Maria Laura Pereira (2023-atualmente)<\/li><li>Maria Luisa Porah (2025-atualmente)<\/li><li>Martin Cortese (2020-atualmente)<\/li><li>Rafaela Girardi Hormann (2020-atualmente)<\/li><li>Raul Rietmann de Freitas (2020-2021)<\/li><li>Simoni Ribeiro de Freitas (2020-atualmente)<\/li><li>Sofia Santiago Silva Gontijo (2023-2023)<\/li><li>Taisi Copetti (2020-2023)<\/li><li>Themis Cotosky Ferreira (2026-atualmente)<\/li><li>Vanessa Thalia Linhares Medeiros Ramos (2021-2023)<\/li><li>Victoria Fernandes de Moraes (2023-atualmente)<\/li><li>Vin\u00edcius Farias (2021-2022)<\/li><li>Weliton Borges Pacheco (2020-2021)<\/li><\/ul>\t\t\t\t\t\t\t\t<\/div>\n\t\t\t\t<\/div>\n\t\t\t\t\t<\/div>\n\t\t\t\t<\/div>\n\t\t\t\t\t<\/div>\n\t\t\t\t<\/div>\n\t\t\t\t<div class=\"elementor-element elementor-element-33daa13 elementor-widget elementor-widget-heading\" data-id=\"33daa13\" data-element_type=\"widget\" data-e-type=\"widget\" data-widget_type=\"heading.default\">\n\t\t\t\t<div class=\"elementor-widget-container\">\n\t\t\t\t\t<h2 class=\"elementor-heading-title elementor-size-default\">Contact<\/h2>\t\t\t\t<\/div>\n\t\t\t\t<\/div>\n\t\t\t\t<div class=\"elementor-element elementor-element-3a4cf4c elementor-icon-list--layout-traditional elementor-list-item-link-full_width elementor-widget elementor-widget-icon-list\" data-id=\"3a4cf4c\" data-element_type=\"widget\" data-e-type=\"widget\" data-widget_type=\"icon-list.default\">\n\t\t\t\t<div class=\"elementor-widget-container\">\n\t\t\t\t\t\t\t<ul class=\"elementor-icon-list-items\">\n\t\t\t\t\t\t\t<li class=\"elementor-icon-list-item\">\n\t\t\t\t\t\t\t\t\t\t\t<a href=\"mailto:coordination@eurolatinstudies.com\" target=\"_blank\">\n\n\t\t\t\t\t\t\t\t\t\t\t\t<span class=\"elementor-icon-list-icon\">\n\t\t\t\t\t\t\t<svg aria-hidden=\"true\" class=\"e-font-icon-svg e-far-envelope\" viewBox=\"0 0 512 512\" xmlns=\"http:\/\/www.w3.org\/2000\/svg\"><path d=\"M464 64H48C21.49 64 0 85.49 0 112v288c0 26.51 21.49 48 48 48h416c26.51 0 48-21.49 48-48V112c0-26.51-21.49-48-48-48zm0 48v40.805c-22.422 18.259-58.168 46.651-134.587 106.49-16.841 13.247-50.201 45.072-73.413 44.701-23.208.375-56.579-31.459-73.413-44.701C106.18 199.465 70.425 171.067 48 152.805V112h416zM48 400V214.398c22.914 18.251 55.409 43.862 104.938 82.646 21.857 17.205 60.134 55.186 103.062 54.955 42.717.231 80.509-37.199 103.053-54.947 49.528-38.783 82.032-64.401 104.947-82.653V400H48z\"><\/path><\/svg>\t\t\t\t\t\t<\/span>\n\t\t\t\t\t\t\t\t\t\t<span class=\"elementor-icon-list-text\">coordination@eurolatinstudies.com<\/span>\n\t\t\t\t\t\t\t\t\t\t\t<\/a>\n\t\t\t\t\t\t\t\t\t<\/li>\n\t\t\t\t\t\t<\/ul>\n\t\t\t\t\t\t<\/div>\n\t\t\t\t<\/div>\n\t\t\t\t\t<\/div>\n\t\t\t\t<\/div>\n\t\t\t\t<\/div>\n\t\t\t\t<\/div>\n\t\t","protected":false},"excerpt":{"rendered":"<p>About LACES The Latin American Center of European Studies (LACES) is composed by Latin American and European academics, lawyers and stakeholders, LACES aims to promote reflection on European and regional law in its international, comparative and historical dimension, under a critical and interdisciplinary bias, as well as to foster academic and institutional cooperation between the [&hellip;]<\/p>\n","protected":false},"author":2,"featured_media":0,"parent":0,"menu_order":0,"comment_status":"closed","ping_status":"closed","template":"elementor_header_footer","meta":{"_acf_changed":false,"om_disable_all_campaigns":false,"_uf_show_specific_survey":0,"_uf_disable_surveys":false,"footnotes":""},"class_list":["post-519","page","type-page","status-publish","hentry"],"acf":[],"aioseo_notices":[],"post_mailing_queue_ids":[],"_links":{"self":[{"href":"https:\/\/eurolatinstudies.com\/en\/wp-json\/wp\/v2\/pages\/519","targetHints":{"allow":["GET"]}}],"collection":[{"href":"https:\/\/eurolatinstudies.com\/en\/wp-json\/wp\/v2\/pages"}],"about":[{"href":"https:\/\/eurolatinstudies.com\/en\/wp-json\/wp\/v2\/types\/page"}],"author":[{"embeddable":true,"href":"https:\/\/eurolatinstudies.com\/en\/wp-json\/wp\/v2\/users\/2"}],"replies":[{"embeddable":true,"href":"https:\/\/eurolatinstudies.com\/en\/wp-json\/wp\/v2\/comments?post=519"}],"version-history":[{"count":36,"href":"https:\/\/eurolatinstudies.com\/en\/wp-json\/wp\/v2\/pages\/519\/revisions"}],"predecessor-version":[{"id":37855,"href":"https:\/\/eurolatinstudies.com\/en\/wp-json\/wp\/v2\/pages\/519\/revisions\/37855"}],"wp:attachment":[{"href":"https:\/\/eurolatinstudies.com\/en\/wp-json\/wp\/v2\/media?parent=519"}],"curies":[{"name":"wp","href":"https:\/\/api.w.org\/{rel}","templated":true}]}}